{"id":12309,"date":"2018-10-22T13:11:18","date_gmt":"2018-10-22T12:11:18","guid":{"rendered":"https:\/\/lueders-partner.com\/?page_id=12309\/"},"modified":"2019-01-14T15:23:12","modified_gmt":"2019-01-14T14:23:12","slug":"case-study-cinram-gmbh-current-market-value-appraisal-online-auction","status":"publish","type":"page","link":"https:\/\/lueders-partner.com\/en\/appraisals\/case-study-cinram-gmbh-current-market-value-appraisal-online-auction\/","title":{"rendered":"Case Study Cinram GmbH &#8211; Current Market Value Appraisal &#038; Online Auction"},"content":{"rendered":"<div class=\"wpb-content-wrapper\">[vc_row][vc_column][vc_column_text]\n<h2>Case Study<\/h2>\n[\/vc_column_text][\/vc_column][\/vc_row][vc_row equal_height=&#8221;yes&#8221;][vc_column width=&#8221;2\/3&#8243;][vc_column_text]\n<h6>Current Market Value Appraisal &amp; Online Auction, CD\/DVD\/Blu-Ray Production<\/h6>\n[\/vc_column_text][vc_column_text]Cinram GmbH, based in Alsdorf in North Rhine-Westphalia, is a leading manufacturer of CDs, DVDs and Blu-Ray Discs. In April 2017, the company, which had more than 1,000 employees, initiated insolvency proceedings under its own management, supervised by attorney Dr. Christoph Morgen of\u00a0<a href=\"http:\/\/www.brinkmann-partner.de\" target=\"_blank\" rel=\"noopener noreferrer\">Brinkmann &amp; Partner Hamburg<\/a>, a specialist in the field of corporate recovery. In order to duly complete the insolvency proceedings, the company&#8217;s administration converted the proceedings into a regular insolvency as planned.<\/p>\n<p>In a joint venture with\u00a0<a href=\"https:\/\/www.aryus-gmbh.eu\" target=\"_blank\" rel=\"noopener noreferrer\">Aryus Handel &amp; Unternehmensberatung GmbH<\/a>, L\u00fcders &amp; Partner was commissioned by Dr. David Georg of the D\u00fcsseldorf law firm <a href=\"http:\/\/www.kebekus-zimmermann.de\">Kebekus &amp; Zimmermann Rechtsanw\u00e4lte<\/a> to prepare a current market value appraisal.<\/p>\n<p>Six facilities with over 6,500 individual objects, including the usual furnishings as well as very specialized equipment in the areas of disc mastering, electroplating, replication and automatic packaging, were recorded and evaluated in a very short time frame. In July\/August 2017, disc production was discontinued, Plant 1 was shut down and the recovery order was issued.<\/p>\n<p>In October 2017, the remaining facilities with over 410 employees were taken over by the Bielefeld logistics company\u00a0<a href=\"http:\/\/www.avoslogistics.de\" target=\"_blank\" rel=\"noopener noreferrer\">AVOS Logistic GmbH<\/a>. By November, in addition to preparing the auction, selected machine packages from the production plants and packaging technology had been put out to international tender and sold.<\/p>\n<p>In November 2017, the remaining assets were again successfully sold in an <a href=\"https:\/\/lueders-partner.com\/en\/auctions\/cinram-cd-dvd-bluray-production-replication-mastering-systems-operating-business-equipment\/\">online auction on our auction platform<\/a>\u00a0in cooperation with Aryus. In April 2018, the entire area was completely vacated and clean-swept by\u00a0<a href=\"https:\/\/www.sn-aussenhandel.de\" target=\"_blank\" rel=\"noopener noreferrer\">SN Au\u00dfenhandel<\/a>.[\/vc_column_text][\/vc_column][vc_column width=&#8221;1\/3&#8243; css=&#8221;.vc_custom_1531212551224{padding-top: 0px !important;background-color: #f8f8f8 !important;}&#8221;][vc_column_text]\n<h6>Company<\/h6>\n<p>Cinram\u00a0GmbH<\/p>\n<h6>Dates &amp; Facts<\/h6>\n<ul>\n<li>Preliminary insolvency<\/li>\n<li>Regular insolvency proceedings<\/li>\n<li>Preparation of current market value appraisal<\/li>\n<li>Partial takeover with partial management by the administration<\/li>\n<li>Recovery through online auction<\/li>\n<\/ul>\n[\/vc_column_text][vc_single_image image=&#8221;3457&#8243; img_size=&#8221;293&#215;293&#8243;][vc_column_text]\n<h6>Contracting Partner<\/h6>\n<p><a href=\"http:\/\/www.kebekus-zimmermann.de\" target=\"_blank\" rel=\"noopener noreferrer\">Kebekus &amp; Zimmermann RAe<\/a><\/p>\n<h6>Online Auction<\/h6>\n<p><a href=\"https:\/\/lueders-partner.com\/en\/auctions\/cinram-cd-dvd-bluray-production-replication-mastering-systems-operating-business-equipment\/\" target=\"_blank\" rel=\"noopener noreferrer\">Further Information<\/a>[\/vc_column_text][\/vc_column][\/vc_row]\n<\/div>","protected":false},"excerpt":{"rendered":"<p>[vc_row][vc_column][vc_column_text] Case Study [\/vc_column_text][\/vc_column][\/vc_row][vc_row equal_height=&#8221;yes&#8221;][vc_column width=&#8221;2\/3&#8243;][vc_column_text] Current Market Value Appraisal &amp; Online Auction, CD\/DVD\/Blu-Ray Production [\/vc_column_text][vc_column_text]Cinram GmbH, based in Alsdorf in North Rhine-Westphalia, is a leading manufacturer of CDs, DVDs and Blu-Ray Discs. In April 2017, the company, which had more than 1,000 employees, initiated insolvency proceedings under its own management, supervised by attorney Dr. Christoph Morgen of\u00a0Brinkmann &amp; Partner Hamburg, a specialist in the field of corporate recovery. In order to duly complete the insolvency proceedings, the company&#8217;s administration converted the proceedings into a regular insolvency as planned. In a joint venture with\u00a0Aryus Handel &amp; Unternehmensberatung GmbH, L\u00fcders &amp; Partner was commissioned by Dr. David Georg of the D\u00fcsseldorf law firm Kebekus &amp; Zimmermann Rechtsanw\u00e4lte to prepare a current market value appraisal. Six facilities with over 6,500 individual objects, including the usual furnishings as well as very specialized equipment in the areas of disc mastering, electroplating, replication and automatic packaging, were recorded and evaluated in a very short time frame. In July\/August 2017, disc production was discontinued, Plant 1 was shut down and the recovery order was issued. In October 2017, the remaining facilities with over 410 employees were taken over by the Bielefeld logistics company\u00a0AVOS Logistic GmbH. By<\/p>\n","protected":false},"author":3,"featured_media":3458,"parent":965,"menu_order":1,"comment_status":"closed","ping_status":"closed","template":"","meta":{"_acf_changed":false,"footnotes":""},"categories":[5076,5077],"tags":[],"class_list":["post-12309","page","type-page","status-publish","has-post-thumbnail","hentry","category-case-study-en","category-loesungen-en"],"acf":[],"yoast_head":"<!-- This site is optimized with the Yoast SEO Premium plugin v24.3 (Yoast SEO v24.3) - https:\/\/yoast.com\/wordpress\/plugins\/seo\/ -->\n<title>Case Study Cinram GmbH - Current Market Value Appraisal &amp; Online Auction - Lueders &amp; Partner GmbH<\/title>\n<meta name=\"description\" content=\"Current Market Value Appraisal &amp; Online Auction CD\/DVD\/Blu-Ray Production\/Replication &amp; Mastering, Workshop, Forklift Trucks, EDP, Business &amp; Operating Eq.\" \/>\n<meta name=\"robots\" content=\"index, follow, max-snippet:-1, max-image-preview:large, max-video-preview:-1\" \/>\n<link rel=\"canonical\" href=\"https:\/\/lueders-partner.com\/en\/appraisals\/case-study-cinram-gmbh-current-market-value-appraisal-online-auction\/\" \/>\n<meta property=\"og:locale\" content=\"en_US\" \/>\n<meta property=\"og:type\" content=\"article\" \/>\n<meta property=\"og:title\" content=\"Case Study Cinram GmbH - Current Market Value Appraisal &amp; Online Auction\" \/>\n<meta property=\"og:description\" content=\"Current Market Value Appraisal &amp; Online Auction CD\/DVD\/Blu-Ray Production\/Replication &amp; Mastering, Workshop, Forklift Trucks, EDP, Business &amp; Operating Eq.\" \/>\n<meta property=\"og:url\" content=\"https:\/\/lueders-partner.com\/en\/appraisals\/case-study-cinram-gmbh-current-market-value-appraisal-online-auction\/\" \/>\n<meta property=\"og:site_name\" content=\"Lueders &amp; Partner GmbH\" \/>\n<meta property=\"article:modified_time\" content=\"2019-01-14T14:23:12+00:00\" \/>\n<meta property=\"og:image\" content=\"https:\/\/lueders-partner.com\/wp-content\/uploads\/2017\/09\/Galvanik-TECHNOTRANS-modec-efs.jpg\" \/>\n\t<meta property=\"og:image:width\" content=\"2592\" \/>\n\t<meta property=\"og:image:height\" content=\"1944\" \/>\n\t<meta property=\"og:image:type\" content=\"image\/jpeg\" \/>\n<meta name=\"twitter:card\" content=\"summary_large_image\" \/>\n<meta name=\"twitter:label1\" content=\"Est. reading time\" \/>\n\t<meta name=\"twitter:data1\" content=\"2 minutes\" \/>\n<script type=\"application\/ld+json\" class=\"yoast-schema-graph\">{\"@context\":\"https:\/\/schema.org\",\"@graph\":[{\"@type\":\"WebPage\",\"@id\":\"https:\/\/lueders-partner.com\/en\/appraisals\/case-study-cinram-gmbh-current-market-value-appraisal-online-auction\/\",\"url\":\"https:\/\/lueders-partner.com\/en\/appraisals\/case-study-cinram-gmbh-current-market-value-appraisal-online-auction\/\",\"name\":\"Case Study Cinram GmbH - Current Market Value Appraisal & Online Auction - Lueders &amp; Partner GmbH\",\"isPartOf\":{\"@id\":\"https:\/\/lueders-partner.com\/#website\"},\"primaryImageOfPage\":{\"@id\":\"https:\/\/lueders-partner.com\/en\/appraisals\/case-study-cinram-gmbh-current-market-value-appraisal-online-auction\/#primaryimage\"},\"image\":{\"@id\":\"https:\/\/lueders-partner.com\/en\/appraisals\/case-study-cinram-gmbh-current-market-value-appraisal-online-auction\/#primaryimage\"},\"thumbnailUrl\":\"https:\/\/lueders-partner.com\/wp-content\/uploads\/2017\/09\/Galvanik-TECHNOTRANS-modec-efs.jpg\",\"datePublished\":\"2018-10-22T12:11:18+00:00\",\"dateModified\":\"2019-01-14T14:23:12+00:00\",\"description\":\"Current Market Value Appraisal & Online Auction CD\/DVD\/Blu-Ray Production\/Replication & Mastering, Workshop, Forklift Trucks, EDP, Business & Operating Eq.\",\"breadcrumb\":{\"@id\":\"https:\/\/lueders-partner.com\/en\/appraisals\/case-study-cinram-gmbh-current-market-value-appraisal-online-auction\/#breadcrumb\"},\"inLanguage\":\"en-US\",\"potentialAction\":[{\"@type\":\"ReadAction\",\"target\":[\"https:\/\/lueders-partner.com\/en\/appraisals\/case-study-cinram-gmbh-current-market-value-appraisal-online-auction\/\"]}]},{\"@type\":\"ImageObject\",\"inLanguage\":\"en-US\",\"@id\":\"https:\/\/lueders-partner.com\/en\/appraisals\/case-study-cinram-gmbh-current-market-value-appraisal-online-auction\/#primaryimage\",\"url\":\"https:\/\/lueders-partner.com\/wp-content\/uploads\/2017\/09\/Galvanik-TECHNOTRANS-modec-efs.jpg\",\"contentUrl\":\"https:\/\/lueders-partner.com\/wp-content\/uploads\/2017\/09\/Galvanik-TECHNOTRANS-modec-efs.jpg\",\"width\":2592,\"height\":1944,\"caption\":\"Galvanic TECHNOTRANS modec efs\"},{\"@type\":\"BreadcrumbList\",\"@id\":\"https:\/\/lueders-partner.com\/en\/appraisals\/case-study-cinram-gmbh-current-market-value-appraisal-online-auction\/#breadcrumb\",\"itemListElement\":[{\"@type\":\"ListItem\",\"position\":1,\"name\":\"Home\",\"item\":\"https:\/\/lueders-partner.com\/en\/950-2-2\/\"},{\"@type\":\"ListItem\",\"position\":2,\"name\":\"Appraisals\",\"item\":\"https:\/\/lueders-partner.com\/en\/appraisals\/\"},{\"@type\":\"ListItem\",\"position\":3,\"name\":\"Case Study Cinram GmbH &#8211; Current Market Value Appraisal &#038; Online Auction\"}]},{\"@type\":\"WebSite\",\"@id\":\"https:\/\/lueders-partner.com\/#website\",\"url\":\"https:\/\/lueders-partner.com\/\",\"name\":\"Lueders &amp; Partner GmbH\",\"description\":\"\",\"publisher\":{\"@id\":\"https:\/\/lueders-partner.com\/#organization\"},\"potentialAction\":[{\"@type\":\"SearchAction\",\"target\":{\"@type\":\"EntryPoint\",\"urlTemplate\":\"https:\/\/lueders-partner.com\/?s={search_term_string}\"},\"query-input\":{\"@type\":\"PropertyValueSpecification\",\"valueRequired\":true,\"valueName\":\"search_term_string\"}}],\"inLanguage\":\"en-US\"},{\"@type\":\"Organization\",\"@id\":\"https:\/\/lueders-partner.com\/#organization\",\"name\":\"L\u00fcders & Partner GmbH\",\"url\":\"https:\/\/lueders-partner.com\/\",\"logo\":{\"@type\":\"ImageObject\",\"inLanguage\":\"en-US\",\"@id\":\"https:\/\/lueders-partner.com\/#\/schema\/logo\/image\/\",\"url\":\"https:\/\/lueders-partner.com\/wp-content\/uploads\/2017\/01\/logo.png\",\"contentUrl\":\"https:\/\/lueders-partner.com\/wp-content\/uploads\/2017\/01\/logo.png\",\"width\":135,\"height\":100,\"caption\":\"L\u00fcders & Partner GmbH\"},\"image\":{\"@id\":\"https:\/\/lueders-partner.com\/#\/schema\/logo\/image\/\"}}]}<\/script>\n<!-- \/ Yoast SEO Premium plugin. -->","yoast_head_json":{"title":"Case Study Cinram GmbH - Current Market Value Appraisal & Online Auction - Lueders &amp; Partner GmbH","description":"Current Market Value Appraisal & Online Auction CD\/DVD\/Blu-Ray Production\/Replication & Mastering, Workshop, Forklift Trucks, EDP, Business & Operating Eq.","robots":{"index":"index","follow":"follow","max-snippet":"max-snippet:-1","max-image-preview":"max-image-preview:large","max-video-preview":"max-video-preview:-1"},"canonical":"https:\/\/lueders-partner.com\/en\/appraisals\/case-study-cinram-gmbh-current-market-value-appraisal-online-auction\/","og_locale":"en_US","og_type":"article","og_title":"Case Study Cinram GmbH - Current Market Value Appraisal & Online Auction","og_description":"Current Market Value Appraisal & Online Auction CD\/DVD\/Blu-Ray Production\/Replication & Mastering, Workshop, Forklift Trucks, EDP, Business & Operating Eq.","og_url":"https:\/\/lueders-partner.com\/en\/appraisals\/case-study-cinram-gmbh-current-market-value-appraisal-online-auction\/","og_site_name":"Lueders &amp; Partner GmbH","article_modified_time":"2019-01-14T14:23:12+00:00","og_image":[{"width":2592,"height":1944,"url":"https:\/\/lueders-partner.com\/wp-content\/uploads\/2017\/09\/Galvanik-TECHNOTRANS-modec-efs.jpg","type":"image\/jpeg"}],"twitter_card":"summary_large_image","twitter_misc":{"Est. reading time":"2 minutes"},"schema":{"@context":"https:\/\/schema.org","@graph":[{"@type":"WebPage","@id":"https:\/\/lueders-partner.com\/en\/appraisals\/case-study-cinram-gmbh-current-market-value-appraisal-online-auction\/","url":"https:\/\/lueders-partner.com\/en\/appraisals\/case-study-cinram-gmbh-current-market-value-appraisal-online-auction\/","name":"Case Study Cinram GmbH - Current Market Value Appraisal & Online Auction - Lueders &amp; Partner GmbH","isPartOf":{"@id":"https:\/\/lueders-partner.com\/#website"},"primaryImageOfPage":{"@id":"https:\/\/lueders-partner.com\/en\/appraisals\/case-study-cinram-gmbh-current-market-value-appraisal-online-auction\/#primaryimage"},"image":{"@id":"https:\/\/lueders-partner.com\/en\/appraisals\/case-study-cinram-gmbh-current-market-value-appraisal-online-auction\/#primaryimage"},"thumbnailUrl":"https:\/\/lueders-partner.com\/wp-content\/uploads\/2017\/09\/Galvanik-TECHNOTRANS-modec-efs.jpg","datePublished":"2018-10-22T12:11:18+00:00","dateModified":"2019-01-14T14:23:12+00:00","description":"Current Market Value Appraisal & Online Auction CD\/DVD\/Blu-Ray Production\/Replication & Mastering, Workshop, Forklift Trucks, EDP, Business & Operating Eq.","breadcrumb":{"@id":"https:\/\/lueders-partner.com\/en\/appraisals\/case-study-cinram-gmbh-current-market-value-appraisal-online-auction\/#breadcrumb"},"inLanguage":"en-US","potentialAction":[{"@type":"ReadAction","target":["https:\/\/lueders-partner.com\/en\/appraisals\/case-study-cinram-gmbh-current-market-value-appraisal-online-auction\/"]}]},{"@type":"ImageObject","inLanguage":"en-US","@id":"https:\/\/lueders-partner.com\/en\/appraisals\/case-study-cinram-gmbh-current-market-value-appraisal-online-auction\/#primaryimage","url":"https:\/\/lueders-partner.com\/wp-content\/uploads\/2017\/09\/Galvanik-TECHNOTRANS-modec-efs.jpg","contentUrl":"https:\/\/lueders-partner.com\/wp-content\/uploads\/2017\/09\/Galvanik-TECHNOTRANS-modec-efs.jpg","width":2592,"height":1944,"caption":"Galvanic TECHNOTRANS modec efs"},{"@type":"BreadcrumbList","@id":"https:\/\/lueders-partner.com\/en\/appraisals\/case-study-cinram-gmbh-current-market-value-appraisal-online-auction\/#breadcrumb","itemListElement":[{"@type":"ListItem","position":1,"name":"Home","item":"https:\/\/lueders-partner.com\/en\/950-2-2\/"},{"@type":"ListItem","position":2,"name":"Appraisals","item":"https:\/\/lueders-partner.com\/en\/appraisals\/"},{"@type":"ListItem","position":3,"name":"Case Study Cinram GmbH &#8211; Current Market Value Appraisal &#038; Online Auction"}]},{"@type":"WebSite","@id":"https:\/\/lueders-partner.com\/#website","url":"https:\/\/lueders-partner.com\/","name":"Lueders &amp; Partner GmbH","description":"","publisher":{"@id":"https:\/\/lueders-partner.com\/#organization"},"potentialAction":[{"@type":"SearchAction","target":{"@type":"EntryPoint","urlTemplate":"https:\/\/lueders-partner.com\/?s={search_term_string}"},"query-input":{"@type":"PropertyValueSpecification","valueRequired":true,"valueName":"search_term_string"}}],"inLanguage":"en-US"},{"@type":"Organization","@id":"https:\/\/lueders-partner.com\/#organization","name":"L\u00fcders & Partner GmbH","url":"https:\/\/lueders-partner.com\/","logo":{"@type":"ImageObject","inLanguage":"en-US","@id":"https:\/\/lueders-partner.com\/#\/schema\/logo\/image\/","url":"https:\/\/lueders-partner.com\/wp-content\/uploads\/2017\/01\/logo.png","contentUrl":"https:\/\/lueders-partner.com\/wp-content\/uploads\/2017\/01\/logo.png","width":135,"height":100,"caption":"L\u00fcders & Partner GmbH"},"image":{"@id":"https:\/\/lueders-partner.com\/#\/schema\/logo\/image\/"}}]}},"_links":{"self":[{"href":"https:\/\/lueders-partner.com\/en\/wp-json\/wp\/v2\/pages\/12309","targetHints":{"allow":["GET"]}}],"collection":[{"href":"https:\/\/lueders-partner.com\/en\/wp-json\/wp\/v2\/pages"}],"about":[{"href":"https:\/\/lueders-partner.com\/en\/wp-json\/wp\/v2\/types\/page"}],"author":[{"embeddable":true,"href":"https:\/\/lueders-partner.com\/en\/wp-json\/wp\/v2\/users\/3"}],"replies":[{"embeddable":true,"href":"https:\/\/lueders-partner.com\/en\/wp-json\/wp\/v2\/comments?post=12309"}],"version-history":[{"count":0,"href":"https:\/\/lueders-partner.com\/en\/wp-json\/wp\/v2\/pages\/12309\/revisions"}],"up":[{"embeddable":true,"href":"https:\/\/lueders-partner.com\/en\/wp-json\/wp\/v2\/pages\/965"}],"wp:featuredmedia":[{"embeddable":true,"href":"https:\/\/lueders-partner.com\/en\/wp-json\/wp\/v2\/media\/3458"}],"wp:attachment":[{"href":"https:\/\/lueders-partner.com\/en\/wp-json\/wp\/v2\/media?parent=12309"}],"wp:term":[{"taxonomy":"category","embeddable":true,"href":"https:\/\/lueders-partner.com\/en\/wp-json\/wp\/v2\/categories?post=12309"},{"taxonomy":"post_tag","embeddable":true,"href":"https:\/\/lueders-partner.com\/en\/wp-json\/wp\/v2\/tags?post=12309"}],"curies":[{"name":"wp","href":"https:\/\/api.w.org\/{rel}","templated":true}]}}