{"id":20837,"date":"2019-07-25T15:41:47","date_gmt":"2019-07-25T14:41:47","guid":{"rendered":"https:\/\/lueders-partner.com\/?page_id=20837"},"modified":"2025-12-05T12:29:59","modified_gmt":"2025-12-05T11:29:59","slug":"careers","status":"publish","type":"page","link":"https:\/\/lueders-partner.com\/en\/about-us\/careers\/","title":{"rendered":"Careers"},"content":{"rendered":"<div class=\"wpb-content-wrapper\">[vc_row equal_height=&#8221;yes&#8221;][vc_column][vc_column_text]Lueders &amp; Partner GmbH is a consulting company headquartered in Hamburg. For more than 60 years we have been publicly appointed and sworn auctioneers and appraisers of machines, industrial facilities and real estate.<\/p>\n<p>From our headquarters in Hamburg and our regional offices in Baden-W\u00fcrttemberg, Bavaria, Berlin and North Rhine-Westphalia, we conduct industrial appraisals and liquidations of mobile assets across Europe. In addition, we bring equipment and assets to sale through online and live auctions for our clients auch as insolvency administrators, banks\/financial institutions as well as leasing companies, investment firms and entrepreneurs.<\/p>\n<p>To further strengthen our team we are currently looking for:[\/vc_column_text][\/vc_column][\/vc_row][vc_row][vc_column][vc_column_text]\n<h2>Available Positions<\/h2>\n[\/vc_column_text][\/vc_column][\/vc_row][vc_row gap=&#8221;35&#8243; content_placement=&#8221;top&#8221;][vc_column][vc_tta_tabs active_section=&#8221;1&#8243; css=&#8221;.vc_custom_1738142900639{margin-left: 40px !important;}&#8221;][vc_tta_section title=&#8221;Project Assistant<br \/>\nLiquidations&#8221; tab_id=&#8221;1682066823994-a023aafe-c2e1&#8243;][vc_column_text css=&#8221;&#8221; el_class=&#8221;job-listing&#8221;]\n<h4>COMMERCIAL PROJECT ASSISTANT (M\/F\/D) in the field of liquidations<br \/>\nFull or Part time<\/h4>\n<p><strong>Areas of responsibility:<\/strong><\/p>\n<ul>\n<li>Supporting the project management in the preparation and implementation of auctions and sales<\/li>\n<li>Project creation and ongoing maintenance and documentation<\/li>\n<li>Recording of customer and bidder data<\/li>\n<li>Opening and managing trust accounts<\/li>\n<li>Recording of items and their descriptions in the company&#8217;s own auction software and MS Office (Excel, Word)<\/li>\n<li>Auction monitoring and invoice creation<\/li>\n<li>Communication with external service providers, clients and insolvency administrators<\/li>\n<li>Billing with clients<\/li>\n<\/ul>\n<p><strong>Your profile:<\/strong><\/p>\n<ul style=\"margin-bottom: 2em;\">\n<li>Completed commercial vocational training<\/li>\n<li>Initial professional experience in a law firm, notary&#8217;s office, bank, or in accounting or wholesale and foreign trade desirable<\/li>\n<li>A high level of sense of responsibility and an independent, precise way of working<\/li>\n<li>Good knowledge of MS Office<\/li>\n<li>Fluent in German and English, both written and spoken<\/li>\n<li>Other foreign languages \u200b\u200bdesirable<\/li>\n<li>A friendly demeanor and professional communication with clients and customers<\/li>\n<li>Organizational skills and ability to communicate in a team<\/li>\n<\/ul>\n<p><strong>We offer<\/strong><\/p>\n<ul style=\"margin-bottom: 2em;\">\n<li>An interesting and varied job in a friendly team<\/li>\n<li>30 days holiday (full-time)<\/li>\n<li>13 salaries<\/li>\n<li>Deutschlandticket<\/li>\n<li>Subsidy for capital-forming benefits<\/li>\n<\/ul>\n[\/vc_column_text][\/vc_tta_section][vc_tta_section title=&#8221;Project Assistant<br \/>\nAppraisals&#8221; tab_id=&#8221;1697617995859-a914dd9b-4d8b&#8221;][vc_column_text css=&#8221;&#8221; el_class=&#8221;job-listing&#8221;]\n<h4>COMMERCIAL PROJECT ASSISTANT (M\/F\/D) in the field of appraisals<br \/>\nFull or Part Time<\/h4>\n<p><strong>Areas of responsibility:<\/strong><\/p>\n<ul style=\"margin-bottom: 2em;\">\n<li>Support in the preparation of appraisals \/ assessments<\/li>\n<li>Project creation and ongoing maintenance or documentation<\/li>\n<li>Communication with external service providers and clients<\/li>\n<li>Invoicing with clients<\/li>\n<li>Writing activities based on dictation<\/li>\n<\/ul>\n<p><strong>Your profile:<\/strong><\/p>\n<ul style=\"margin-bottom: 2em;\">\n<li>Completed commercial vocational training<\/li>\n<li>A high level of responsibility and an independent, precise way of working<\/li>\n<li>Good knowledge of MS Office<\/li>\n<li>Confident in written and spoken German<\/li>\n<li>Professional communication with clients and customers<\/li>\n<li>You can type with 10 fingers<\/li>\n<\/ul>\n<p><strong>We offer:<\/strong><\/p>\n<ul style=\"margin-bottom: 2em;\">\n<li>An interesting and varied job in a friendly team<\/li>\n<li>30 days holiday (full-time)<\/li>\n<li>13 salaries<\/li>\n<li>Deutschlandticket<\/li>\n<li>Subsidy for capital-forming benefits<\/li>\n<\/ul>\n[\/vc_column_text][\/vc_tta_section][vc_tta_section title=&#8221;(Junior-)<br \/>\nProject Manager&#8221; tab_id=&#8221;1697618385787-125d393a-92c1&#8243;][vc_column_text css=&#8221;&#8221; el_class=&#8221;job-listing&#8221;]\n<h4>(JUNIOR) PROJECT MANAGER (M\/F\/D)<br \/>\nFull-time<\/h4>\n<p><strong>Areas of responsibility:<\/strong><\/p>\n<ul style=\"margin-bottom: 2em;\">\n<li>Recording, evaluation and documentation of mobile fixed assets and the vehicle fleet as part of appraisals, private sales or auctions as the responsible project manager<\/li>\n<li>Support of the project management team as part of larger projects<\/li>\n<li>Cooperation with the project assistants in the preparation, implementation and follow-up of the projects<\/li>\n<li>Coordination of collection processes in the respective companies from the appointment to the<br \/>\nclean clearance<\/li>\n<\/ul>\n<p><strong>Your Profile:<\/strong><\/p>\n<ul style=\"margin-bottom: 2em;\">\n<li>Successfully completed technical training with basic commercial knowledge and possibly further training to become an industrial foreman, technician or similar.<\/li>\n<li>At least 2 years of professional experience<\/li>\n<li>Reliability as well as flexible commitment and organizational skills<\/li>\n<li>Good German language skills and basic knowledge of English<\/li>\n<li>Class B driving license<\/li>\n<li>Willingness to travel and customer-friendly demeanor<\/li>\n<li>Independent and precise work<\/li>\n<li>Ability to remain calm and keep an overview even in stressful situations<\/li>\n<\/ul>\n<p><strong>We offer:<\/strong><\/p>\n<ul style=\"margin-bottom: 2em;\">\n<li>An interesting and varied job in a friendly team<\/li>\n<li>30 days holiday (full-time)<\/li>\n<li>13 salaries<\/li>\n<li>Deutschlandticket<\/li>\n<li>Subsidy for capital-forming benefits<\/li>\n<\/ul>\n[\/vc_column_text][\/vc_tta_section][vc_tta_section title=&#8221;Project Coordination<br \/>\n\u2026&#8221; tab_id=&#8221;1738141451481-f9f4e9c6-f4f2&#8243;][vc_column_text css=&#8221;&#8221; el_class=&#8221;job-listing&#8221;]\n<h4>PROJECT COORDINATION (M\/F\/D)<br \/>\nFull-time<\/h4>\n<p><strong>Areas of responsibility:<\/strong><\/p>\n<ul style=\"margin-bottom: 2em;\">\n<li>Supporting the project management with inventorying as part of appraisals and auctions<\/li>\n<li>Supporting the project management and project assistants with auction preparations<\/li>\n<li>Cooperation with the project management and project assistants to ensure that buyers collect auctioned items smoothly<\/li>\n<li>Communication with clients and customers<\/li>\n<\/ul>\n<p><strong>Your profile:<\/strong><\/p>\n<ul style=\"margin-bottom: 2em;\">\n<li>Willingness to travel (throughout Germany), ideally you are located in Bavaria or Baden-W\u00fcrttemberg<\/li>\n<li>Class B driving license<\/li>\n<li>Forklift driving license is an advantage<\/li>\n<li>Technical understanding<\/li>\n<li>A high level of responsibility and an independent, precise way of working<\/li>\n<li>Fluent in written and spoken German<\/li>\n<li>A well-groomed and obliging demeanor<\/li>\n<\/ul>\n<p><strong>We offer:<\/strong><\/p>\n<ul style=\"margin-bottom: 2em;\">\n<li>An interesting and varied job in a friendly team<\/li>\n<li>Mobile phone, laptop<\/li>\n<li>Subsidy for capital-forming benefits<\/li>\n<\/ul>\n[\/vc_column_text][\/vc_tta_section][\/vc_tta_tabs][vc_column_text css=&#8221;&#8221;]<strong>Interested?<\/strong><\/p>\n<p>If you are interested in this position, please send us your detailed application, stating your desired salary and available start date, as a PDF file to: <a href=\"mailto:klawiter@lueders-partner.com\">klawiter@lueders-partner.com<\/a>. Karen Klawiter will be happy to assist you as your first point of contact for your application on <strong>+49 40 469 666 71<\/strong>.[\/vc_column_text][\/vc_column][\/vc_row][vc_row disable_element=&#8221;yes&#8221;][vc_column][vc_tta_tabs][vc_tta_section title=&#8221;Office Management&#8221; tab_id=&#8221;1683814993311-c806c4b7-5f58&#8243;][vc_column_text el_class=&#8221;job-listing&#8221;]\n<h4>Office Management (m\/w\/d)<\/h4>\n<p>F\u00fcr unser Lueders &amp; Partner GmbH \u2013 Team in Hamburg-P\u00f6seldorf suchen wir schnellstm\u00f6glich eine tatkr\u00e4ftige Unterst\u00fctzung im Rahmen einer Vollzeitbesch\u00e4ftigung.<\/p>\n<p>Die Aufgabenbereiche umfassen u.a.:<\/p>\n<ul>\n<li>B\u00fcroleitung<\/li>\n<li>Assistenz der Gesch\u00e4ftsleitung<\/li>\n<li>Schnittstelle zum Steuerb\u00fcro, Marketingagentur, IT-Support u.a.<\/li>\n<li>Betreuung der Firmen- und Treuhandkonten<\/li>\n<li>Organisation der Termine und Reiseplanung f\u00fcr die Gesch\u00e4ftsleitung<\/li>\n<li>Reisekostenabrechnung<\/li>\n<li>Fuhrparkmanagement<\/li>\n<li>Allgemeine Verwaltungst\u00e4tigkeiten<\/li>\n<li>Vorbereitende Buchhaltung<\/li>\n<li>Angebotserstellung f\u00fcr die Gutachtenbeauftragung und Unterst\u00fctzung bei der Erstellung von Verwertungsvertr\u00e4gen<\/li>\n<\/ul>\n<p>Sie bringen folgende Voraussetzungen mit:<\/p>\n<ul style=\"margin-bottom: 2em;\">\n<li>Eine abgeschlossene Berufsausbildung sowie relevante Berufspraxis<\/li>\n<li>Ein hohes Ma\u00df an Verantwortungsbewusstsein und eine eigenst\u00e4ndige Arbeitsweise<\/li>\n<li>Gute Kenntnisse mit MS-Office, insbesondere MS-Word &amp; -Excel<\/li>\n<li>Deutsch und Englisch sicher in Wort &amp; Schrift<\/li>\n<li>Ein freundliches Auftreten und professionelle Kommunikation mit Auftraggebern und Kunden<\/li>\n<li>Organisationsgeschick und Kommunikationsf\u00e4higkeit im Team<\/li>\n<\/ul>\n<p>Wir bieten:<\/p>\n<ul style=\"margin-bottom: 2em;\">\n<li>Eine abwechslungsreiche T\u00e4tigkeit in einem freundlichen Team in unseren sch\u00f6nen B\u00fcror\u00e4umen an der Alster bei einer leistungsorientierten Verg\u00fctung.<\/li>\n<li>Das HVV-Profiticket sowie ein Zuschuss zu verm\u00f6genswirksamen Leistungen sind ein Teil unseres Leistungspaketes.<\/li>\n<\/ul>\n[\/vc_column_text][\/vc_tta_section][vc_tta_section title=&#8221;Verwaltung \/ E-Commerce \/ Projektassistenz&#8221; tab_id=&#8221;1683814993332-dec04299-aad4&#8243;][vc_column_text el_class=&#8221;job-listing&#8221;]\n<h4>Verwaltungs- \/ E-Commerce Kauffrau\/-mann (m\/w\/d) &#8211; Projektassistenz<\/h4>\n<h5>Oder vergleichbare Berufserfahrung<\/h5>\n<p>F\u00fcr unser Lueders &amp; Partner GmbH \u2013 Team in Hamburg-P\u00f6seldorf suchen wir schnellstm\u00f6glich eine tatkr\u00e4ftige Unterst\u00fctzung im Rahmen einer Vollzeitbesch\u00e4ftigung.<\/p>\n<p>Die Aufgabenbereiche umfassen u.a.:<\/p>\n<ul style=\"margin-bottom: 2em;\">\n<li>Assistenz im Team der Gesch\u00e4fts- und B\u00fcroleitung<\/li>\n<li>Werbe- und Marketingaufgaben<\/li>\n<li>Projektbezogene Aufgaben:\n<ul>\n<li>Vorbereitung, Durchf\u00fchrung und Nachbearbeitung von Online-Industrieauktionen<\/li>\n<li>Arbeit mit der firmeneigenen Auktionssoftware<\/li>\n<li>Erstellung und Versand von Rechnungen und Lieferscheinen, Zahlungseingangskontrolle, Kundenbetreuung<\/li>\n<li>Erstellung von Abrechnungen, Kalkulationen &amp; Statistiken<\/li>\n<\/ul>\n<\/li>\n<\/ul>\n<p>Sie bringen folgende Voraussetzungen mit:<\/p>\n<ul style=\"margin-bottom: 2em;\">\n<li>Eine abgeschlossene Berufsausbildung sowie relevante Berufspraxis<\/li>\n<li>Ein hohes Ma\u00df an Verantwortungsbewusstsein und eine eigenst\u00e4ndige Arbeitsweise<\/li>\n<li>Gute Kenntnisse mit MS-Office, insbesondere MS-Word &amp; -Excel<\/li>\n<li>Deutsch und Englisch sicher in Wort &amp; Schrift<\/li>\n<li>Ein freundliches Auftreten und professionelle Kommunikation mit Auftraggebern und Kunden<\/li>\n<li>Organisationsgeschick und Kommunikationsf\u00e4higkeit im Team<\/li>\n<\/ul>\n<p>Wir bieten:<\/p>\n<ul style=\"margin-bottom: 2em;\">\n<li>Eine abwechslungsreiche T\u00e4tigkeit in einem freundlichen Team in unseren sch\u00f6nen B\u00fcror\u00e4umen an der Alster bei einer leistungsorientierten Verg\u00fctung.<\/li>\n<li>Das HVV-Profiticket sowie ein Zuschuss zu verm\u00f6genswirksamen Leistungen sind ein Teil unseres Leistungspaketes.<\/li>\n<\/ul>\n[\/vc_column_text][\/vc_tta_section][vc_tta_section title=&#8221;Technische Projektassistenz&#8221; tab_id=&#8221;1683814993351-89fa2f7b-7d23&#8243;][vc_column_text el_class=&#8221;job-listing&#8221;]\n<h4>Technische Projektassistenz (m\/w\/d)<\/h4>\n<p>Zur Verst\u00e4rkung unseres Teams suchen wir ab sofort eine technische Projektassistenz:<\/p>\n<p>Die Aufgabenbereiche umfassen u.a.:<\/p>\n<ul style=\"margin-bottom: 2em;\">\n<li>Allgemeine Assistenzaufgaben<\/li>\n<li>Tatkr\u00e4ftige Unterst\u00fctzung unserer Projektleiter bei der Vorbereitung und Durchf\u00fchrung von Gutachten und Verwertungsma\u00dfnahmen<\/li>\n<li>Aufnahme, Bewertung und Dokumentation des mobilen Anlageverm\u00f6gens sowie des Fuhrparks im Rahmen der Gutachtenerstellung<\/li>\n<li>Aufnahme und Dokumentation der zu verwertenden Positionen im Rahmen von Freiverk\u00e4ufen oder Auktionen<\/li>\n<li>Koordination von Abholvorg\u00e4ngen in den jeweiligen Betrieben von der Terminvergabe bis zur besenreinen R\u00e4umung<\/li>\n<\/ul>\n<p>Neben guten deutschen Sprachkenntnissen bringen Sie folgende Voraussetzungen mit:<\/p>\n<ul style=\"margin-bottom: 2em;\">\n<li>Erfolgreich abgeschlossene technische Ausbildung mit kaufm\u00e4nnischen Grundkenntnissen sowie m\u00f6glicherweise Weiterbildung zum Industriemeister, Techniker oder vergleichbar.<\/li>\n<li>F\u00fchrerschein Klasse B<\/li>\n<li>Stapler-F\u00fchrerschein von Vorteil<\/li>\n<li>Mindestens 2 Jahre relevante Berufspraxis in einem \u00e4hnlichen T\u00e4tigkeitsbereich<\/li>\n<li>Bereitschaft zur Reiset\u00e4tigkeit<\/li>\n<li>Kundenfreundliches Auftreten<\/li>\n<li>F\u00e4higkeit, auch in stressigen Situationen die Ruhe und den \u00dcberblick zu bewahren<\/li>\n<li>Absolute Zuverl\u00e4ssigkeit sowie flexible Einsatzbereitschaft und Organisationsverm\u00f6gen<\/li>\n<li>Eigenverantwortliches, sehr genaues Arbeiten<\/li>\n<li>Grundkenntnisse in englischer Sprache<\/li>\n<\/ul>\n<p>Wir bieten:<\/p>\n<ul style=\"margin-bottom: 2em;\">\n<li>Mitarbeit in einem dynamischen, leistungsstarken Unternehmen, das branchen\u00fcbergreifend und deutschlandweit t\u00e4tig ist<\/li>\n<li>Einarbeitung in Ihre Aufgaben und die Integration in unser gesamtes Team<\/li>\n<li>Ein Team erfahrener Kolleginnen und Kollegen, das sich auf Sie freut<\/li>\n<li>Unterst\u00fctzung Ihrer fachlichen und pers\u00f6nlichen Entwicklung<\/li>\n<li>Neutrales Firmenfahrzeug (auch zur privaten Nutzung)<\/li>\n<li>Technische Ausr\u00fcstung zur Durchf\u00fchrung Ihrer Aufgaben<\/li>\n<\/ul>\n[\/vc_column_text][\/vc_tta_section][\/vc_tta_tabs][\/vc_column][\/vc_row]\n<\/div>","protected":false},"excerpt":{"rendered":"<p>[vc_row equal_height=&#8221;yes&#8221;][vc_column][vc_column_text]Lueders &amp; Partner GmbH is a consulting company headquartered in Hamburg. For more than 60 years we have been publicly appointed and sworn auctioneers and appraisers of machines, industrial facilities and real estate. From our headquarters in Hamburg and our regional offices in Baden-W\u00fcrttemberg, Bavaria, Berlin and North Rhine-Westphalia, we conduct industrial appraisals and liquidations of mobile assets across Europe. In addition, we bring equipment and assets to sale through online and live auctions for our clients auch as insolvency administrators, banks\/financial institutions as well as leasing companies, investment firms and entrepreneurs. To further strengthen our team we are currently looking for:[\/vc_column_text][\/vc_column][\/vc_row][vc_row][vc_column][vc_column_text] Available Positions [\/vc_column_text][\/vc_column][\/vc_row][vc_row gap=&#8221;35&#8243; content_placement=&#8221;top&#8221;][vc_column][vc_tta_tabs active_section=&#8221;1&#8243; css=&#8221;.vc_custom_1738142900639{margin-left: 40px !important;}&#8221;][vc_tta_section title=&#8221;Project Assistant Liquidations&#8221; tab_id=&#8221;1682066823994-a023aafe-c2e1&#8243;][vc_column_text css=&#8221;&#8221; el_class=&#8221;job-listing&#8221;] COMMERCIAL PROJECT ASSISTANT (M\/F\/D) in the field of liquidations Full or Part time Areas of responsibility: Supporting the project management in the preparation and implementation of auctions and sales Project creation and ongoing maintenance and documentation Recording of customer and bidder data Opening and managing trust accounts Recording of items and their descriptions in the company&#8217;s own auction software and MS Office (Excel, Word) Auction monitoring and invoice creation Communication with external service providers, clients and insolvency administrators Billing with clients Your<\/p>\n","protected":false},"author":3,"featured_media":0,"parent":972,"menu_order":5,"comment_status":"closed","ping_status":"closed","template":"","meta":{"_acf_changed":false,"footnotes":""},"categories":[],"tags":[],"class_list":["post-20837","page","type-page","status-publish","hentry"],"acf":[],"yoast_head":"<!-- This site is optimized with the Yoast SEO Premium plugin v24.3 (Yoast SEO v24.3) - https:\/\/yoast.com\/wordpress\/plugins\/seo\/ -->\n<title>Careers - Lueders &amp; Partner GmbH<\/title>\n<meta name=\"description\" content=\"Careers and job offers at L\u00fcders &amp; Partner for our teams in Hamburg, Baden-W\u00fcrttemberg, Berlin, Bavaria, Lower Saxony and North Rhine-Westphalia\" \/>\n<meta name=\"robots\" content=\"index, follow, max-snippet:-1, max-image-preview:large, max-video-preview:-1\" \/>\n<link rel=\"canonical\" href=\"https:\/\/lueders-partner.com\/en\/about-us\/careers\/\" \/>\n<meta property=\"og:locale\" content=\"en_US\" \/>\n<meta property=\"og:type\" content=\"article\" \/>\n<meta property=\"og:title\" content=\"Careers\" \/>\n<meta property=\"og:description\" content=\"Careers and job offers at L\u00fcders &amp; Partner for our teams in Hamburg, Baden-W\u00fcrttemberg, Berlin, Bavaria, Lower Saxony and North Rhine-Westphalia\" \/>\n<meta property=\"og:url\" content=\"https:\/\/lueders-partner.com\/en\/about-us\/careers\/\" \/>\n<meta property=\"og:site_name\" content=\"Lueders &amp; Partner GmbH\" \/>\n<meta property=\"article:modified_time\" content=\"2025-12-05T11:29:59+00:00\" \/>\n<meta name=\"twitter:card\" content=\"summary_large_image\" \/>\n<meta name=\"twitter:label1\" content=\"Est. reading time\" \/>\n\t<meta name=\"twitter:data1\" content=\"6 minutes\" \/>\n<script type=\"application\/ld+json\" class=\"yoast-schema-graph\">{\"@context\":\"https:\/\/schema.org\",\"@graph\":[{\"@type\":\"WebPage\",\"@id\":\"https:\/\/lueders-partner.com\/en\/about-us\/careers\/\",\"url\":\"https:\/\/lueders-partner.com\/en\/about-us\/careers\/\",\"name\":\"Careers - Lueders &amp; Partner GmbH\",\"isPartOf\":{\"@id\":\"https:\/\/lueders-partner.com\/#website\"},\"datePublished\":\"2019-07-25T14:41:47+00:00\",\"dateModified\":\"2025-12-05T11:29:59+00:00\",\"description\":\"Careers and job offers at L\u00fcders & Partner for our teams in Hamburg, Baden-W\u00fcrttemberg, Berlin, Bavaria, Lower Saxony and North Rhine-Westphalia\",\"breadcrumb\":{\"@id\":\"https:\/\/lueders-partner.com\/en\/about-us\/careers\/#breadcrumb\"},\"inLanguage\":\"en-US\",\"potentialAction\":[{\"@type\":\"ReadAction\",\"target\":[\"https:\/\/lueders-partner.com\/en\/about-us\/careers\/\"]}]},{\"@type\":\"BreadcrumbList\",\"@id\":\"https:\/\/lueders-partner.com\/en\/about-us\/careers\/#breadcrumb\",\"itemListElement\":[{\"@type\":\"ListItem\",\"position\":1,\"name\":\"Home\",\"item\":\"https:\/\/lueders-partner.com\/en\/950-2-2\/\"},{\"@type\":\"ListItem\",\"position\":2,\"name\":\"About Us\",\"item\":\"https:\/\/lueders-partner.com\/en\/about-us\/\"},{\"@type\":\"ListItem\",\"position\":3,\"name\":\"Careers\"}]},{\"@type\":\"WebSite\",\"@id\":\"https:\/\/lueders-partner.com\/#website\",\"url\":\"https:\/\/lueders-partner.com\/\",\"name\":\"Lueders &amp; Partner GmbH\",\"description\":\"\",\"publisher\":{\"@id\":\"https:\/\/lueders-partner.com\/#organization\"},\"potentialAction\":[{\"@type\":\"SearchAction\",\"target\":{\"@type\":\"EntryPoint\",\"urlTemplate\":\"https:\/\/lueders-partner.com\/?s={search_term_string}\"},\"query-input\":{\"@type\":\"PropertyValueSpecification\",\"valueRequired\":true,\"valueName\":\"search_term_string\"}}],\"inLanguage\":\"en-US\"},{\"@type\":\"Organization\",\"@id\":\"https:\/\/lueders-partner.com\/#organization\",\"name\":\"L\u00fcders & Partner GmbH\",\"url\":\"https:\/\/lueders-partner.com\/\",\"logo\":{\"@type\":\"ImageObject\",\"inLanguage\":\"en-US\",\"@id\":\"https:\/\/lueders-partner.com\/#\/schema\/logo\/image\/\",\"url\":\"https:\/\/lueders-partner.com\/wp-content\/uploads\/2017\/01\/logo.png\",\"contentUrl\":\"https:\/\/lueders-partner.com\/wp-content\/uploads\/2017\/01\/logo.png\",\"width\":135,\"height\":100,\"caption\":\"L\u00fcders & Partner GmbH\"},\"image\":{\"@id\":\"https:\/\/lueders-partner.com\/#\/schema\/logo\/image\/\"}}]}<\/script>\n<!-- \/ Yoast SEO Premium plugin. -->","yoast_head_json":{"title":"Careers - Lueders &amp; Partner GmbH","description":"Careers and job offers at L\u00fcders & Partner for our teams in Hamburg, Baden-W\u00fcrttemberg, Berlin, Bavaria, Lower Saxony and North Rhine-Westphalia","robots":{"index":"index","follow":"follow","max-snippet":"max-snippet:-1","max-image-preview":"max-image-preview:large","max-video-preview":"max-video-preview:-1"},"canonical":"https:\/\/lueders-partner.com\/en\/about-us\/careers\/","og_locale":"en_US","og_type":"article","og_title":"Careers","og_description":"Careers and job offers at L\u00fcders & Partner for our teams in Hamburg, Baden-W\u00fcrttemberg, Berlin, Bavaria, Lower Saxony and North Rhine-Westphalia","og_url":"https:\/\/lueders-partner.com\/en\/about-us\/careers\/","og_site_name":"Lueders &amp; Partner GmbH","article_modified_time":"2025-12-05T11:29:59+00:00","twitter_card":"summary_large_image","twitter_misc":{"Est. reading time":"6 minutes"},"schema":{"@context":"https:\/\/schema.org","@graph":[{"@type":"WebPage","@id":"https:\/\/lueders-partner.com\/en\/about-us\/careers\/","url":"https:\/\/lueders-partner.com\/en\/about-us\/careers\/","name":"Careers - Lueders &amp; Partner GmbH","isPartOf":{"@id":"https:\/\/lueders-partner.com\/#website"},"datePublished":"2019-07-25T14:41:47+00:00","dateModified":"2025-12-05T11:29:59+00:00","description":"Careers and job offers at L\u00fcders & Partner for our teams in Hamburg, Baden-W\u00fcrttemberg, Berlin, Bavaria, Lower Saxony and North Rhine-Westphalia","breadcrumb":{"@id":"https:\/\/lueders-partner.com\/en\/about-us\/careers\/#breadcrumb"},"inLanguage":"en-US","potentialAction":[{"@type":"ReadAction","target":["https:\/\/lueders-partner.com\/en\/about-us\/careers\/"]}]},{"@type":"BreadcrumbList","@id":"https:\/\/lueders-partner.com\/en\/about-us\/careers\/#breadcrumb","itemListElement":[{"@type":"ListItem","position":1,"name":"Home","item":"https:\/\/lueders-partner.com\/en\/950-2-2\/"},{"@type":"ListItem","position":2,"name":"About Us","item":"https:\/\/lueders-partner.com\/en\/about-us\/"},{"@type":"ListItem","position":3,"name":"Careers"}]},{"@type":"WebSite","@id":"https:\/\/lueders-partner.com\/#website","url":"https:\/\/lueders-partner.com\/","name":"Lueders &amp; Partner GmbH","description":"","publisher":{"@id":"https:\/\/lueders-partner.com\/#organization"},"potentialAction":[{"@type":"SearchAction","target":{"@type":"EntryPoint","urlTemplate":"https:\/\/lueders-partner.com\/?s={search_term_string}"},"query-input":{"@type":"PropertyValueSpecification","valueRequired":true,"valueName":"search_term_string"}}],"inLanguage":"en-US"},{"@type":"Organization","@id":"https:\/\/lueders-partner.com\/#organization","name":"L\u00fcders & Partner GmbH","url":"https:\/\/lueders-partner.com\/","logo":{"@type":"ImageObject","inLanguage":"en-US","@id":"https:\/\/lueders-partner.com\/#\/schema\/logo\/image\/","url":"https:\/\/lueders-partner.com\/wp-content\/uploads\/2017\/01\/logo.png","contentUrl":"https:\/\/lueders-partner.com\/wp-content\/uploads\/2017\/01\/logo.png","width":135,"height":100,"caption":"L\u00fcders & Partner GmbH"},"image":{"@id":"https:\/\/lueders-partner.com\/#\/schema\/logo\/image\/"}}]}},"_links":{"self":[{"href":"https:\/\/lueders-partner.com\/en\/wp-json\/wp\/v2\/pages\/20837","targetHints":{"allow":["GET"]}}],"collection":[{"href":"https:\/\/lueders-partner.com\/en\/wp-json\/wp\/v2\/pages"}],"about":[{"href":"https:\/\/lueders-partner.com\/en\/wp-json\/wp\/v2\/types\/page"}],"author":[{"embeddable":true,"href":"https:\/\/lueders-partner.com\/en\/wp-json\/wp\/v2\/users\/3"}],"replies":[{"embeddable":true,"href":"https:\/\/lueders-partner.com\/en\/wp-json\/wp\/v2\/comments?post=20837"}],"version-history":[{"count":21,"href":"https:\/\/lueders-partner.com\/en\/wp-json\/wp\/v2\/pages\/20837\/revisions"}],"predecessor-version":[{"id":70089,"href":"https:\/\/lueders-partner.com\/en\/wp-json\/wp\/v2\/pages\/20837\/revisions\/70089"}],"up":[{"embeddable":true,"href":"https:\/\/lueders-partner.com\/en\/wp-json\/wp\/v2\/pages\/972"}],"wp:attachment":[{"href":"https:\/\/lueders-partner.com\/en\/wp-json\/wp\/v2\/media?parent=20837"}],"wp:term":[{"taxonomy":"category","embeddable":true,"href":"https:\/\/lueders-partner.com\/en\/wp-json\/wp\/v2\/categories?post=20837"},{"taxonomy":"post_tag","embeddable":true,"href":"https:\/\/lueders-partner.com\/en\/wp-json\/wp\/v2\/tags?post=20837"}],"curies":[{"name":"wp","href":"https:\/\/api.w.org\/{rel}","templated":true}]}}