{"id":35566,"date":"2020-09-15T10:11:47","date_gmt":"2020-09-15T09:11:47","guid":{"rendered":"https:\/\/lueders-partner.com\/?page_id=35566"},"modified":"2022-08-29T07:32:59","modified_gmt":"2022-08-29T06:32:59","slug":"beyli-gmbh-private-sale-thermoforming-devices-compression-molding-devices-biostar-vii-yom-2019-with-laboratory-compressor-planet-air-l-s-20-4-2-lots","status":"publish","type":"page","link":"https:\/\/lueders-partner.com\/en\/auctions\/beyli-gmbh-private-sale-thermoforming-devices-compression-molding-devices-biostar-vii-yom-2019-with-laboratory-compressor-planet-air-l-s-20-4-2-lots\/","title":{"rendered":"Beyli GmbH &#8211; Private Sale Thermoforming Devices \/ Compression Molding Devices BIOSTAR VII, YOM 2019, with Laboratory Compressor PLANET-AIR L-S 20-4, 2 lots"},"content":{"rendered":"<div class=\"wpb-content-wrapper\">[vc_row][vc_column width=&#8221;2\/3&#8243; css=&#8221;.vc_custom_1604575416680{padding-right: 40px !important;}&#8221;][vc_column_text]\n<h5>Auction status:\u00a0<i class=\"fa fa-check\"><\/i> \u00a0\u00a0Completed<\/h5>\n<p>The available lots have all been sold.\u00a0This auction is now completed.<\/p>\n<hr \/>\n<h5>Private Sale<\/h5>\n<p>On behalf of the beneficiaries we successfully sold the well-maintained machines and facilities of\u00a0Beyli GmbH in a Private Sale on our auction platform.[\/vc_column_text][vc_tta_tabs shape=&#8221;square&#8221; spacing=&#8221;10&#8243; gap=&#8221;10&#8243; active_section=&#8221;1&#8243; css_animation=&#8221;none&#8221; el_id=&#8221;va_tabs&#8221;][vc_tta_section i_type=&#8221;typicons&#8221; i_icon_typicons=&#8221;typcn typcn-shopping-cart&#8221; add_icon=&#8221;true&#8221; title=&#8221;Collection&#8221; tab_id=&#8221;1604578508104-d26f5a99-d91d0d46-1c63&#8243;][vc_column_text]<i class=\"fa fa-calendar\"><\/i>\u00a0 \u00a0<b>By appointment<\/b><\/p>\n<i class=\"fa fa-location-arrow\"><\/i> \u00a0\u00a0Beyli GmbH\n<i class=\"fa fa-location-arrow\" style=\"color:#ffffff;\"><\/i> \u00a0 Various Locations\n[\/vc_column_text][\/vc_tta_section][\/vc_tta_tabs][vc_row_inner][vc_column_inner][vc_column_text]\n<h5>Highlights<\/h5>\n<p>Approximately <strong>15\u00a0lots<\/strong> were available, including:<\/p>\n<ul>\n<li><strong>1\u00a0Thermoforming Device \/ Compression Molding Device<br \/>\n<\/strong>BIOSTAR VII, serial no. 71187, YOM 2019, power: 230\/115\/100 V, 750 W, operating pressure: 0,5 \u2013 6,0 bar, dimensions (W \u00d7 H \u00d7 D): 520 \u00d7 240 \u00d7 440 mm, weight: 14 kg, with laboratory compressor PLANET-AIR L-S 20-4, YOM 2017, max. pressure 8 bar, delivery 11,5 l\/min, container volume 3,5 l, sound level 38 dB(A) &#8211; Location T\u00f6nisvorst<\/li>\n<li><strong>1 Thermoforming Device \/ Compression Molding Device<br \/>\n<\/strong>BIOSTAR VII, serial no. 71355, YOM 2019, power: 230\/115\/100 V, 750 W, operating pressure: 0,5 \u2013 6,0 bar, dimensions (W \u00d7 H \u00d7 D): 520 \u00d7 240 \u00d7 440 mm, weight: 14 kg, with laboratory compressor PLANET-AIR L-S 20-4, max. pressure 8 bar, delivery 11,5 l\/min, container volume 3,5 l, sound level 38 dB(A)- Location Munich<\/li>\n<li><strong>Other Items<\/strong><\/li>\n<\/ul>\n[\/vc_column_text][\/vc_column_inner][\/vc_row_inner][\/vc_column][vc_column css_animation=&#8221;bounceInRight&#8221; width=&#8221;1\/3&#8243; css=&#8221;.vc_custom_1486553738135{margin-top: 0px !important;padding-top: 0px !important;background-color: #f8f8f8 !important;}&#8221;][vc_column_text]\n<h5>Overview<\/h5>\n<i class=\"fa fa-user\"><\/i> \u00a0 <strong>Beyli GmbH<\/strong><br \/>\n<i class=\"fa fa-location-arrow\"><\/i> \u00a0 <strong>Various Locations<\/strong><strong><br \/>\n<\/strong><i class=\"fa fa-calendar\"><\/i> \u00a0 <strong>January 29, 2021<\/strong><strong><br \/>\n<\/strong><i class=\"fa fa-microphone\"><\/i> \u00a0\u00a0<strong>Private Sale<\/strong><br \/>\n<i class=\"fa fa-clipboard\"><\/i> \u00a0 <strong>approx.\u00a015 lots<\/strong>[\/vc_column_text]<div class=\"templatera_shortcode\"><style type=\"text\/css\" data-type=\"vc_shortcodes-custom-css\">.vc_custom_1660713553291{margin-bottom: 20px !important;}<\/style><div class=\"vc_row wpb_row vc_row-fluid listblock_top\"><div class=\"wpb_column vc_column_container vc_col-sm-12\"><div class=\"vc_column-inner vc_custom_1660713553291\"><div class=\"wpb_wrapper\">\n\t<div class=\"wpb_text_column wpb_content_element\" >\n\t\t<div class=\"wpb_wrapper\">\n\t\t\t<h5>Links &amp; Information<\/h5>\n<ul class=\"fb_auction_linklist\">\n<li><i class=\"fa fa-pencil-square-o\"><\/i> \u00a0\u00a0<a href=\"http:\/\/lueders-partner.com\/downloads\/bid.pdf\" target=\"_blank\" rel=\"noopener noreferrer\">Written Bids Form<\/a><\/li>\n<li><i class=\"fa fa-pencil-square-o\"><\/i> \u00a0\u00a0<a href=\"http:\/\/lueders-partner.com\/downloads\/credit.pdf\" target=\"_blank\" rel=\"noopener noreferrer\">Credit Confirmation Form<\/a><\/li>\n<li><i class=\"fa fa-pencil-square-o\"><\/i> \u00a0\u00a0<a href=\"https:\/\/lueders-partner.com\/downloads\/covid-en.pdf\" target=\"_blank\" rel=\"noopener noreferrer\">COVID Declaration Form<\/a><\/li>\n<li><i class=\"fa fa-file-text-o\"><\/i> \u00a0\u00a0<a href=\"http:\/\/lueders-partner.com\/terms\/\">Terms &amp; Conditions<\/a><\/li>\n<\/ul>\n\n\t\t<\/div>\n\t<\/div>\n<\/div><\/div><\/div><\/div><\/div><div class=\"templatera_shortcode\"><div class=\"vc_row wpb_row vc_row-fluid\"><div class=\"wpb_column vc_column_container vc_col-sm-12\"><div class=\"vc_column-inner\"><div class=\"wpb_wrapper\">\n\t<div  class=\"wpb_single_image wpb_content_element vc_align_left wpb_content_element\">\n\t\t\n\t\t<figure class=\"wpb_wrapper vc_figure\">\n\t\t\t<div class=\"vc_single_image-wrapper   vc_box_border_grey\"><img decoding=\"async\" class=\"vc_single_image-img \" src=\"https:\/\/lueders-partner.com\/wp-content\/uploads\/2021\/09\/sm-1.jpg\" width=\"293\" height=\"210\" alt=\"sm\" title=\"sm\" loading=\"lazy\" \/><\/div>\n\t\t<\/figure>\n\t<\/div>\n<\/div><\/div><\/div><\/div><div class=\"vc_row wpb_row vc_row-fluid\"><div class=\"wpb_column vc_column_container vc_col-sm-12\"><div class=\"vc_column-inner\"><div class=\"wpb_wrapper\">\n\t<div class=\"wpb_text_column wpb_content_element\" >\n\t\t<div class=\"wpb_wrapper\">\n\t\t\t<h5>Contact<\/h5>\n<p><strong>Sylvia Meister<\/strong><br \/>\nRegional Manager\u00a0Bavaria<br \/>\nT +49 (0)160 \u2013 873 72 34<br \/>\nF +49 (0)8131 \u2013 39 09 862<br \/>\n<a href=\"mailto:meister@lueders-partner.com\">meister@lueders-partner.com<\/a><\/p>\n<p><a class=\"vcf_link\" href=\"https:\/\/qrco.de\/bdTJAz\" target=\"_blank\" rel=\"noopener\"><img loading=\"lazy\" decoding=\"async\" class=\"alignleft vcf_img wp-image-877 size-full\" src=\"http:\/\/lueders-partner.com\/wp-content\/uploads\/2017\/02\/vcf-icon.png\" width=\"30\" height=\"30\" \/><span class=\"vcf_text\">Save Contact<\/span><\/a><\/p>\n\n\t\t<\/div>\n\t<\/div>\n<\/div><\/div><\/div><\/div><\/div>[vc_row_inner][vc_column_inner][vc_column_text]<i class=\"fa fa-list-ul\"><\/i> \u00a0 <a href=\"https:\/\/lueders-partner.com\/positionen\/2015\/\">Lot Listing<\/a>[\/vc_column_text][\/vc_column_inner][\/vc_row_inner][\/vc_column][\/vc_row]\n<\/div>","protected":false},"excerpt":{"rendered":"Auction status:\u00a0 \u00a0\u00a0Completed The available lots have all been sold.\u00a0This auction is now completed. Private Sale On behalf of the beneficiaries we successfully sold the well-maintained machines and facilities of\u00a0Beyli GmbH in a Private Sale on our auction platform. CollectionCollection \u00a0 \u00a0By appointment \u00a0\u00a0Beyli GmbH \u00a0 Various Locations Highlights Approximately 15\u00a0lots were available, including: 1\u00a0Thermoforming Device \/ Compression Molding Device BIOSTAR VII, serial no. 71187, YOM 2019, power: 230\/115\/100 V, 750 W, operating pressure: 0,5 \u2013 6,0 bar, dimensions (W \u00d7 H \u00d7 D): 520 \u00d7 240 \u00d7 440 mm, weight: 14 kg, with laboratory compressor PLANET-AIR L-S 20-4, YOM 2017, max. pressure 8 bar, delivery 11,5 l\/min, container volume 3,5 l, sound level 38 dB(A) - Location T\u00f6nisvorst 1 Thermoforming Device \/ Compression Molding Device BIOSTAR VII, serial no. 71355, YOM 2019, power: 230\/115\/100 V, 750 W, operating pressure: 0,5 \u2013 6,0 bar, dimensions (W \u00d7 H \u00d7 D): 520 \u00d7 240 \u00d7 440 mm, weight: 14 kg, with laboratory compressor PLANET-AIR L-S 20-4, max. pressure 8 bar, delivery 11,5 l\/min, container volume 3,5 l, sound level 38 dB(A)- Location Munich Other Items Overview \u00a0 Beyli GmbH \u00a0 Various Locations \u00a0 January 29, 2021 \u00a0\u00a0Private Sale \u00a0 approx.\u00a015 lots","protected":false},"author":3,"featured_media":48836,"parent":961,"menu_order":190,"comment_status":"closed","ping_status":"closed","template":"","meta":{"_acf_changed":false,"footnotes":""},"categories":[24844],"tags":[17741,17738,5286,17739,3020,4387,17742,4916,17740],"class_list":["post-35566","page","type-page","status-publish","has-post-thumbnail","hentry","category-health","tag-biostar-en","tag-compression-molding-devices","tag-freiverkauf-en","tag-laboratory-compressor","tag-mobile-assets","tag-mobiles-anlagevermoegen-en","tag-planet-air-en","tag-private-sale","tag-thermoforming-devices"],"acf":[],"yoast_head":"<!-- This site is optimized with the Yoast SEO Premium plugin v24.3 (Yoast SEO v24.3) - https:\/\/yoast.com\/wordpress\/plugins\/seo\/ -->\n<title>Beyli GmbH - Private Sale Thermoforming Devices \/ Compression Molding Devices BIOSTAR VII, YOM 2019, with Laboratory Compressor PLANET-AIR L-S 20-4, 2 lots - Lueders &amp; Partner GmbH<\/title>\n<meta name=\"description\" content=\"COMPLETED: Private Sale Beyli GmbH - Thermoforming Devices \/ Compression Molding Devices BIOSTAR VII, YOM 2019, with Laboratory Compressor PLANET-AIR L-S 20-4, 2 lots\" \/>\n<meta name=\"robots\" content=\"index, follow, max-snippet:-1, max-image-preview:large, max-video-preview:-1\" \/>\n<link rel=\"canonical\" href=\"https:\/\/lueders-partner.com\/en\/auctions\/beyli-gmbh-private-sale-thermoforming-devices-compression-molding-devices-biostar-vii-yom-2019-with-laboratory-compressor-planet-air-l-s-20-4-2-lots\/\" \/>\n<meta property=\"og:locale\" content=\"en_US\" \/>\n<meta property=\"og:type\" content=\"article\" \/>\n<meta property=\"og:title\" content=\"Beyli GmbH - Private Sale Thermoforming Devices \/ Compression Molding Devices BIOSTAR VII, YOM 2019, with Laboratory Compressor PLANET-AIR L-S 20-4, 2 lots\" \/>\n<meta property=\"og:description\" content=\"COMPLETED: Private Sale Beyli GmbH - Thermoforming Devices \/ Compression Molding Devices BIOSTAR VII, YOM 2019, with Laboratory Compressor PLANET-AIR L-S 20-4, 2 lots\" \/>\n<meta property=\"og:url\" content=\"https:\/\/lueders-partner.com\/en\/auctions\/beyli-gmbh-private-sale-thermoforming-devices-compression-molding-devices-biostar-vii-yom-2019-with-laboratory-compressor-planet-air-l-s-20-4-2-lots\/\" \/>\n<meta property=\"og:site_name\" content=\"Lueders &amp; Partner GmbH\" \/>\n<meta property=\"article:modified_time\" content=\"2022-08-29T06:32:59+00:00\" \/>\n<meta property=\"og:image\" content=\"https:\/\/lueders-partner.com\/wp-content\/uploads\/2022\/02\/beyli.png\" \/>\n\t<meta property=\"og:image:width\" content=\"760\" \/>\n\t<meta property=\"og:image:height\" content=\"428\" \/>\n\t<meta property=\"og:image:type\" content=\"image\/png\" \/>\n<meta name=\"twitter:card\" content=\"summary_large_image\" \/>\n<meta name=\"twitter:label1\" content=\"Est. reading time\" \/>\n\t<meta name=\"twitter:data1\" content=\"2 minutes\" \/>\n<script type=\"application\/ld+json\" class=\"yoast-schema-graph\">{\"@context\":\"https:\/\/schema.org\",\"@graph\":[{\"@type\":\"WebPage\",\"@id\":\"https:\/\/lueders-partner.com\/en\/auctions\/beyli-gmbh-private-sale-thermoforming-devices-compression-molding-devices-biostar-vii-yom-2019-with-laboratory-compressor-planet-air-l-s-20-4-2-lots\/\",\"url\":\"https:\/\/lueders-partner.com\/en\/auctions\/beyli-gmbh-private-sale-thermoforming-devices-compression-molding-devices-biostar-vii-yom-2019-with-laboratory-compressor-planet-air-l-s-20-4-2-lots\/\",\"name\":\"Beyli GmbH - Private Sale Thermoforming Devices \/ Compression Molding Devices BIOSTAR VII, YOM 2019, with Laboratory Compressor PLANET-AIR L-S 20-4, 2 lots - Lueders &amp; Partner GmbH\",\"isPartOf\":{\"@id\":\"https:\/\/lueders-partner.com\/#website\"},\"primaryImageOfPage\":{\"@id\":\"https:\/\/lueders-partner.com\/en\/auctions\/beyli-gmbh-private-sale-thermoforming-devices-compression-molding-devices-biostar-vii-yom-2019-with-laboratory-compressor-planet-air-l-s-20-4-2-lots\/#primaryimage\"},\"image\":{\"@id\":\"https:\/\/lueders-partner.com\/en\/auctions\/beyli-gmbh-private-sale-thermoforming-devices-compression-molding-devices-biostar-vii-yom-2019-with-laboratory-compressor-planet-air-l-s-20-4-2-lots\/#primaryimage\"},\"thumbnailUrl\":\"https:\/\/lueders-partner.com\/wp-content\/uploads\/2022\/02\/beyli.png\",\"datePublished\":\"2020-09-15T09:11:47+00:00\",\"dateModified\":\"2022-08-29T06:32:59+00:00\",\"description\":\"COMPLETED: Private Sale Beyli GmbH - Thermoforming Devices \/ Compression Molding Devices BIOSTAR VII, YOM 2019, with Laboratory Compressor PLANET-AIR L-S 20-4, 2 lots\",\"breadcrumb\":{\"@id\":\"https:\/\/lueders-partner.com\/en\/auctions\/beyli-gmbh-private-sale-thermoforming-devices-compression-molding-devices-biostar-vii-yom-2019-with-laboratory-compressor-planet-air-l-s-20-4-2-lots\/#breadcrumb\"},\"inLanguage\":\"en-US\",\"potentialAction\":[{\"@type\":\"ReadAction\",\"target\":[\"https:\/\/lueders-partner.com\/en\/auctions\/beyli-gmbh-private-sale-thermoforming-devices-compression-molding-devices-biostar-vii-yom-2019-with-laboratory-compressor-planet-air-l-s-20-4-2-lots\/\"]}]},{\"@type\":\"ImageObject\",\"inLanguage\":\"en-US\",\"@id\":\"https:\/\/lueders-partner.com\/en\/auctions\/beyli-gmbh-private-sale-thermoforming-devices-compression-molding-devices-biostar-vii-yom-2019-with-laboratory-compressor-planet-air-l-s-20-4-2-lots\/#primaryimage\",\"url\":\"https:\/\/lueders-partner.com\/wp-content\/uploads\/2022\/02\/beyli.png\",\"contentUrl\":\"https:\/\/lueders-partner.com\/wp-content\/uploads\/2022\/02\/beyli.png\",\"width\":760,\"height\":428},{\"@type\":\"BreadcrumbList\",\"@id\":\"https:\/\/lueders-partner.com\/en\/auctions\/beyli-gmbh-private-sale-thermoforming-devices-compression-molding-devices-biostar-vii-yom-2019-with-laboratory-compressor-planet-air-l-s-20-4-2-lots\/#breadcrumb\",\"itemListElement\":[{\"@type\":\"ListItem\",\"position\":1,\"name\":\"Home\",\"item\":\"https:\/\/lueders-partner.com\/en\/950-2-2\/\"},{\"@type\":\"ListItem\",\"position\":2,\"name\":\"Auctions\",\"item\":\"https:\/\/lueders-partner.com\/en\/auctions\/\"},{\"@type\":\"ListItem\",\"position\":3,\"name\":\"Beyli GmbH &#8211; Private Sale Thermoforming Devices \/ Compression Molding Devices BIOSTAR VII, YOM 2019, with Laboratory Compressor PLANET-AIR L-S 20-4, 2 lots\"}]},{\"@type\":\"WebSite\",\"@id\":\"https:\/\/lueders-partner.com\/#website\",\"url\":\"https:\/\/lueders-partner.com\/\",\"name\":\"Lueders &amp; Partner GmbH\",\"description\":\"\",\"publisher\":{\"@id\":\"https:\/\/lueders-partner.com\/#organization\"},\"potentialAction\":[{\"@type\":\"SearchAction\",\"target\":{\"@type\":\"EntryPoint\",\"urlTemplate\":\"https:\/\/lueders-partner.com\/?s={search_term_string}\"},\"query-input\":{\"@type\":\"PropertyValueSpecification\",\"valueRequired\":true,\"valueName\":\"search_term_string\"}}],\"inLanguage\":\"en-US\"},{\"@type\":\"Organization\",\"@id\":\"https:\/\/lueders-partner.com\/#organization\",\"name\":\"L\u00fcders & Partner GmbH\",\"url\":\"https:\/\/lueders-partner.com\/\",\"logo\":{\"@type\":\"ImageObject\",\"inLanguage\":\"en-US\",\"@id\":\"https:\/\/lueders-partner.com\/#\/schema\/logo\/image\/\",\"url\":\"https:\/\/lueders-partner.com\/wp-content\/uploads\/2017\/01\/logo.png\",\"contentUrl\":\"https:\/\/lueders-partner.com\/wp-content\/uploads\/2017\/01\/logo.png\",\"width\":135,\"height\":100,\"caption\":\"L\u00fcders & Partner GmbH\"},\"image\":{\"@id\":\"https:\/\/lueders-partner.com\/#\/schema\/logo\/image\/\"}}]}<\/script>\n<!-- \/ Yoast SEO Premium plugin. -->","yoast_head_json":{"title":"Beyli GmbH - Private Sale Thermoforming Devices \/ Compression Molding Devices BIOSTAR VII, YOM 2019, with Laboratory Compressor PLANET-AIR L-S 20-4, 2 lots - Lueders &amp; Partner GmbH","description":"COMPLETED: Private Sale Beyli GmbH - Thermoforming Devices \/ Compression Molding Devices BIOSTAR VII, YOM 2019, with Laboratory Compressor PLANET-AIR L-S 20-4, 2 lots","robots":{"index":"index","follow":"follow","max-snippet":"max-snippet:-1","max-image-preview":"max-image-preview:large","max-video-preview":"max-video-preview:-1"},"canonical":"https:\/\/lueders-partner.com\/en\/auctions\/beyli-gmbh-private-sale-thermoforming-devices-compression-molding-devices-biostar-vii-yom-2019-with-laboratory-compressor-planet-air-l-s-20-4-2-lots\/","og_locale":"en_US","og_type":"article","og_title":"Beyli GmbH - Private Sale Thermoforming Devices \/ Compression Molding Devices BIOSTAR VII, YOM 2019, with Laboratory Compressor PLANET-AIR L-S 20-4, 2 lots","og_description":"COMPLETED: Private Sale Beyli GmbH - Thermoforming Devices \/ Compression Molding Devices BIOSTAR VII, YOM 2019, with Laboratory Compressor PLANET-AIR L-S 20-4, 2 lots","og_url":"https:\/\/lueders-partner.com\/en\/auctions\/beyli-gmbh-private-sale-thermoforming-devices-compression-molding-devices-biostar-vii-yom-2019-with-laboratory-compressor-planet-air-l-s-20-4-2-lots\/","og_site_name":"Lueders &amp; Partner GmbH","article_modified_time":"2022-08-29T06:32:59+00:00","og_image":[{"width":760,"height":428,"url":"https:\/\/lueders-partner.com\/wp-content\/uploads\/2022\/02\/beyli.png","type":"image\/png"}],"twitter_card":"summary_large_image","twitter_misc":{"Est. reading time":"2 minutes"},"schema":{"@context":"https:\/\/schema.org","@graph":[{"@type":"WebPage","@id":"https:\/\/lueders-partner.com\/en\/auctions\/beyli-gmbh-private-sale-thermoforming-devices-compression-molding-devices-biostar-vii-yom-2019-with-laboratory-compressor-planet-air-l-s-20-4-2-lots\/","url":"https:\/\/lueders-partner.com\/en\/auctions\/beyli-gmbh-private-sale-thermoforming-devices-compression-molding-devices-biostar-vii-yom-2019-with-laboratory-compressor-planet-air-l-s-20-4-2-lots\/","name":"Beyli GmbH - Private Sale Thermoforming Devices \/ Compression Molding Devices BIOSTAR VII, YOM 2019, with Laboratory Compressor PLANET-AIR L-S 20-4, 2 lots - Lueders &amp; Partner GmbH","isPartOf":{"@id":"https:\/\/lueders-partner.com\/#website"},"primaryImageOfPage":{"@id":"https:\/\/lueders-partner.com\/en\/auctions\/beyli-gmbh-private-sale-thermoforming-devices-compression-molding-devices-biostar-vii-yom-2019-with-laboratory-compressor-planet-air-l-s-20-4-2-lots\/#primaryimage"},"image":{"@id":"https:\/\/lueders-partner.com\/en\/auctions\/beyli-gmbh-private-sale-thermoforming-devices-compression-molding-devices-biostar-vii-yom-2019-with-laboratory-compressor-planet-air-l-s-20-4-2-lots\/#primaryimage"},"thumbnailUrl":"https:\/\/lueders-partner.com\/wp-content\/uploads\/2022\/02\/beyli.png","datePublished":"2020-09-15T09:11:47+00:00","dateModified":"2022-08-29T06:32:59+00:00","description":"COMPLETED: Private Sale Beyli GmbH - Thermoforming Devices \/ Compression Molding Devices BIOSTAR VII, YOM 2019, with Laboratory Compressor PLANET-AIR L-S 20-4, 2 lots","breadcrumb":{"@id":"https:\/\/lueders-partner.com\/en\/auctions\/beyli-gmbh-private-sale-thermoforming-devices-compression-molding-devices-biostar-vii-yom-2019-with-laboratory-compressor-planet-air-l-s-20-4-2-lots\/#breadcrumb"},"inLanguage":"en-US","potentialAction":[{"@type":"ReadAction","target":["https:\/\/lueders-partner.com\/en\/auctions\/beyli-gmbh-private-sale-thermoforming-devices-compression-molding-devices-biostar-vii-yom-2019-with-laboratory-compressor-planet-air-l-s-20-4-2-lots\/"]}]},{"@type":"ImageObject","inLanguage":"en-US","@id":"https:\/\/lueders-partner.com\/en\/auctions\/beyli-gmbh-private-sale-thermoforming-devices-compression-molding-devices-biostar-vii-yom-2019-with-laboratory-compressor-planet-air-l-s-20-4-2-lots\/#primaryimage","url":"https:\/\/lueders-partner.com\/wp-content\/uploads\/2022\/02\/beyli.png","contentUrl":"https:\/\/lueders-partner.com\/wp-content\/uploads\/2022\/02\/beyli.png","width":760,"height":428},{"@type":"BreadcrumbList","@id":"https:\/\/lueders-partner.com\/en\/auctions\/beyli-gmbh-private-sale-thermoforming-devices-compression-molding-devices-biostar-vii-yom-2019-with-laboratory-compressor-planet-air-l-s-20-4-2-lots\/#breadcrumb","itemListElement":[{"@type":"ListItem","position":1,"name":"Home","item":"https:\/\/lueders-partner.com\/en\/950-2-2\/"},{"@type":"ListItem","position":2,"name":"Auctions","item":"https:\/\/lueders-partner.com\/en\/auctions\/"},{"@type":"ListItem","position":3,"name":"Beyli GmbH &#8211; Private Sale Thermoforming Devices \/ Compression Molding Devices BIOSTAR VII, YOM 2019, with Laboratory Compressor PLANET-AIR L-S 20-4, 2 lots"}]},{"@type":"WebSite","@id":"https:\/\/lueders-partner.com\/#website","url":"https:\/\/lueders-partner.com\/","name":"Lueders &amp; Partner GmbH","description":"","publisher":{"@id":"https:\/\/lueders-partner.com\/#organization"},"potentialAction":[{"@type":"SearchAction","target":{"@type":"EntryPoint","urlTemplate":"https:\/\/lueders-partner.com\/?s={search_term_string}"},"query-input":{"@type":"PropertyValueSpecification","valueRequired":true,"valueName":"search_term_string"}}],"inLanguage":"en-US"},{"@type":"Organization","@id":"https:\/\/lueders-partner.com\/#organization","name":"L\u00fcders & Partner GmbH","url":"https:\/\/lueders-partner.com\/","logo":{"@type":"ImageObject","inLanguage":"en-US","@id":"https:\/\/lueders-partner.com\/#\/schema\/logo\/image\/","url":"https:\/\/lueders-partner.com\/wp-content\/uploads\/2017\/01\/logo.png","contentUrl":"https:\/\/lueders-partner.com\/wp-content\/uploads\/2017\/01\/logo.png","width":135,"height":100,"caption":"L\u00fcders & Partner GmbH"},"image":{"@id":"https:\/\/lueders-partner.com\/#\/schema\/logo\/image\/"}}]}},"_links":{"self":[{"href":"https:\/\/lueders-partner.com\/en\/wp-json\/wp\/v2\/pages\/35566","targetHints":{"allow":["GET"]}}],"collection":[{"href":"https:\/\/lueders-partner.com\/en\/wp-json\/wp\/v2\/pages"}],"about":[{"href":"https:\/\/lueders-partner.com\/en\/wp-json\/wp\/v2\/types\/page"}],"author":[{"embeddable":true,"href":"https:\/\/lueders-partner.com\/en\/wp-json\/wp\/v2\/users\/3"}],"replies":[{"embeddable":true,"href":"https:\/\/lueders-partner.com\/en\/wp-json\/wp\/v2\/comments?post=35566"}],"version-history":[{"count":12,"href":"https:\/\/lueders-partner.com\/en\/wp-json\/wp\/v2\/pages\/35566\/revisions"}],"predecessor-version":[{"id":51941,"href":"https:\/\/lueders-partner.com\/en\/wp-json\/wp\/v2\/pages\/35566\/revisions\/51941"}],"up":[{"embeddable":true,"href":"https:\/\/lueders-partner.com\/en\/wp-json\/wp\/v2\/pages\/961"}],"wp:featuredmedia":[{"embeddable":true,"href":"https:\/\/lueders-partner.com\/en\/wp-json\/wp\/v2\/media\/48836"}],"wp:attachment":[{"href":"https:\/\/lueders-partner.com\/en\/wp-json\/wp\/v2\/media?parent=35566"}],"wp:term":[{"taxonomy":"category","embeddable":true,"href":"https:\/\/lueders-partner.com\/en\/wp-json\/wp\/v2\/categories?post=35566"},{"taxonomy":"post_tag","embeddable":true,"href":"https:\/\/lueders-partner.com\/en\/wp-json\/wp\/v2\/tags?post=35566"}],"curies":[{"name":"wp","href":"https:\/\/api.w.org\/{rel}","templated":true}]}}