{"id":49834,"date":"2018-10-22T14:51:39","date_gmt":"2018-10-22T13:51:39","guid":{"rendered":"https:\/\/lueders-partner.com\/?page_id=49834"},"modified":"2022-04-20T09:49:15","modified_gmt":"2022-04-20T08:49:15","slug":"case-study-huettenwerke-koenigsbronn-gmbh-current-value-appraisal-arrangement-of-leasing-financing","status":"publish","type":"page","link":"https:\/\/lueders-partner.com\/en\/appraisals\/case-study-huettenwerke-koenigsbronn-gmbh-current-value-appraisal-arrangement-of-leasing-financing\/","title":{"rendered":"Case Study H\u00fcttenwerke K\u00f6nigsbronn GmbH &#8211; Current Value Appraisal &#038; Arrangement of Leasing Financing"},"content":{"rendered":"<div class=\"wpb-content-wrapper\">[vc_row][vc_column][vc_column_text]\n<h2>Case Study<\/h2>\n[\/vc_column_text][\/vc_column][\/vc_row][vc_row equal_height=&#8221;yes&#8221;][vc_column width=&#8221;2\/3&#8243;][vc_column_text]\n<h6>Current Value Appraisal &amp; Arrangement of Leasing Financing for a Steel Foundry<\/h6>\n[\/vc_column_text][vc_column_text]\n<p>H\u00fcttenwerke K\u00f6nigsbronn GmbH (until 2019 SHW Casting Technologies GmbH &amp; Co. KG) emerged from the foundry segment of Schw\u00e4bische H\u00fcttenwerke, whose origins date back to 1365. Today, SHW Casting Technologies consists of the plants in Wasseralfingen and K\u00f6nigsbronn.<\/p>\n<p>The Aalen-Wasseralfingen plant only produces hand-moulded cast parts, primarily large engine housings, with a unit weight of up to 100 t. The K\u00f6nigsbronn plant, the oldest production site in Germany, has specialized in the production of paper calender rolls. The roller bodies are manufactured using permanent mold casting. In mechanical processing, the workpieces are then processed ready for installation on 35 large machines.<\/p>\n<p>In October 2017, insolvency proceedings were opened over the assets of SHW Casting Technologies GmbH &amp; Co. KG at Aalen District Court.<\/p>\n<p>In the course of negotiations over the sale of the company, L\u00fcders &amp; Partner GmbH, with the assistance of financing consultants <a href=\"https:\/\/financialprojects.de\" target=\"_blank\" rel=\"noopener noreferrer\">Financial Projects S GmbH<\/a> from M\u00fclheim an der Ruhr, was commissioned by the potential investor, <a href=\"https:\/\/rhmb-invest.de\" target=\"_blank\" rel=\"noopener noreferrer\">Rheinische Mittelstandsbeteiligungs GmbH<\/a> (RMB), in January 2018 to carry out a current value appraisal of the mobile assets of the SHW production facility in K\u00f6nigsbronn. In August 2018, L\u00fcders &amp; Partner was also commissioned to prepare the current value appraisal for the SHW production facility in Aalen-Wasseralfingen.<\/p>\n<p>Although the takeover by RMB ultimately did not materialize in the end, the company was finally sold in April 2019 with the participation of Frank G\u00fcnther and Wolf Waschkuhn of the Munich-based restructuring consultancy <a href=\"https:\/\/www.onesquareadvisors.com\" target=\"_blank\" rel=\"noopener noreferrer\">One Square Advisors<\/a> to Avir Walze Holding GmbH, whose holding company <a href=\"https:\/\/www.hwk1365.de\" target=\"_blank\" rel=\"noopener noreferrer\">H\u00fcttenwerke K\u00f6nigsbronn GmbH<\/a> thus became the new owner of SHW HPCT.<\/p>\n<p>The new smelting works under the management of the managing director Dr. Heiko Hesemann will in future focus on the areas of manufacture and service of (die-cast) rollers. In the course of the takeover, around half of SHW&#8217;s employees were also able to move to H\u00fcttenwerke K\u00f6nigsbronn and will also participate in the future value development of the company with a third of the shares.<\/p>\n<p>Financing solutions for SHW&#8217;s mobile assets were sought to optimally structure the M&amp;A process. In cooperation with our network partner <a href=\"https:\/\/www.nuernberger-leasing.de\" target=\"_blank\" rel=\"noopener noreferrer\">N\u00fcrnberger Leasing GmbH<\/a>, we were then able to provide a tailor-made solution in the form of leasing financing. This sale-and-lease-back financing solution was then supplemented by <a href=\"https:\/\/niv-leasing.com\" target=\"_blank\" rel=\"noopener noreferrer\">NIV Leasing GmbH<\/a> from Hamburg.<\/p>\n<p>In this way, a solid continuation solution was found and implemented for the benefit of the company and a large part of its employees.<\/p>\n[\/vc_column_text][\/vc_column][vc_column width=&#8221;1\/3&#8243; css=&#8221;.vc_custom_1531212551224{padding-top: 0px !important;background-color: #f8f8f8 !important;}&#8221;][vc_column_text]\n<h6>Company<\/h6>\n<p>H\u00fcttenwerke K\u00f6nigsbronn GmbH<\/p>\n<h6>Dates &amp; Facts<\/h6>\n<ul>\n<li>Insolvency<\/li>\n<li>Current value appraisal<\/li>\n<li>Integration of Network Partners<\/li>\n<li>Financing solution through sale-and-lease-back<\/li>\n<li>Takeover by investor<\/li>\n<li>Continuation solution<\/li>\n<\/ul>\n[\/vc_column_text][vc_single_image image=&#8221;12371&#8243; img_size=&#8221;293&#215;293&#8243;][vc_column_text]\n<h6>Client<\/h6>\n<p><a href=\"https:\/\/rhmb-invest.de\/\" target=\"_blank\" rel=\"noopener noreferrer\">Rheinische Mittelstandsbeteiligungs GmbH<\/a><\/p>\n<h6>Assisted by<\/h6>\n<p><a href=\"https:\/\/financialprojects.de\" target=\"_blank\" rel=\"noopener noreferrer\">Financial Projects S GmbH<\/a><\/p>\n<h6>Network Partners<\/h6>\n<p><a href=\"https:\/\/www.nuernberger-leasing.de\" target=\"_blank\" rel=\"noopener noreferrer\">N\u00fcrnberger Leasing GmbH<br \/>\n<\/a><a href=\"https:\/\/niv-leasing.com\" target=\"_blank\" rel=\"noopener noreferrer\">NIV Leasing GmbH<\/a>[\/vc_column_text][\/vc_column][\/vc_row]\n<\/div>","protected":false},"excerpt":{"rendered":"<p>[vc_row][vc_column][vc_column_text] Case Study [\/vc_column_text][\/vc_column][\/vc_row][vc_row equal_height=&#8221;yes&#8221;][vc_column width=&#8221;2\/3&#8243;][vc_column_text] Current Value Appraisal &amp; Arrangement of Leasing Financing for a Steel Foundry [\/vc_column_text][vc_column_text] H\u00fcttenwerke K\u00f6nigsbronn GmbH (until 2019 SHW Casting Technologies GmbH &amp; Co. KG) emerged from the foundry segment of Schw\u00e4bische H\u00fcttenwerke, whose origins date back to 1365. Today, SHW Casting Technologies consists of the plants in Wasseralfingen and K\u00f6nigsbronn. The Aalen-Wasseralfingen plant only produces hand-moulded cast parts, primarily large engine housings, with a unit weight of up to 100 t. The K\u00f6nigsbronn plant, the oldest production site in Germany, has specialized in the production of paper calender rolls. The roller bodies are manufactured using permanent mold casting. In mechanical processing, the workpieces are then processed ready for installation on 35 large machines. In October 2017, insolvency proceedings were opened over the assets of SHW Casting Technologies GmbH &amp; Co. KG at Aalen District Court. In the course of negotiations over the sale of the company, L\u00fcders &amp; Partner GmbH, with the assistance of financing consultants Financial Projects S GmbH from M\u00fclheim an der Ruhr, was commissioned by the potential investor, Rheinische Mittelstandsbeteiligungs GmbH (RMB), in January 2018 to carry out a current value appraisal of the mobile assets of the SHW production<\/p>\n","protected":false},"author":3,"featured_media":12372,"parent":965,"menu_order":1,"comment_status":"closed","ping_status":"closed","template":"","meta":{"_acf_changed":false,"footnotes":""},"categories":[5076,5077],"tags":[],"class_list":["post-49834","page","type-page","status-publish","has-post-thumbnail","hentry","category-case-study-en","category-loesungen-en"],"acf":[],"yoast_head":"<!-- This site is optimized with the Yoast SEO Premium plugin v24.3 (Yoast SEO v24.3) - https:\/\/yoast.com\/wordpress\/plugins\/seo\/ -->\n<title>Case Study H\u00fcttenwerke K\u00f6nigsbronn GmbH - Current Value Appraisal &amp; Arrangement of Leasing Financing - Lueders &amp; Partner GmbH<\/title>\n<meta name=\"description\" content=\"Case Study H\u00fcttenwerke K\u00f6nigsbronn GmbH - Current Value Appraisal &amp; Arrangement of Leasing Financing through our Network Partners N\u00fcrnberger Leasing and NIV Leasing\" \/>\n<meta name=\"robots\" content=\"index, follow, max-snippet:-1, max-image-preview:large, max-video-preview:-1\" \/>\n<link rel=\"canonical\" href=\"https:\/\/lueders-partner.com\/en\/appraisals\/case-study-huettenwerke-koenigsbronn-gmbh-current-value-appraisal-arrangement-of-leasing-financing\/\" \/>\n<meta property=\"og:locale\" content=\"en_US\" \/>\n<meta property=\"og:type\" content=\"article\" \/>\n<meta property=\"og:title\" content=\"Case Study H\u00fcttenwerke K\u00f6nigsbronn GmbH - Current Value Appraisal &amp; Arrangement of Leasing Financing\" \/>\n<meta property=\"og:description\" content=\"Case Study H\u00fcttenwerke K\u00f6nigsbronn GmbH - Current Value Appraisal &amp; Arrangement of Leasing Financing through our Network Partners N\u00fcrnberger Leasing and NIV Leasing\" \/>\n<meta property=\"og:url\" content=\"https:\/\/lueders-partner.com\/en\/appraisals\/case-study-huettenwerke-koenigsbronn-gmbh-current-value-appraisal-arrangement-of-leasing-financing\/\" \/>\n<meta property=\"og:site_name\" content=\"Lueders &amp; Partner GmbH\" \/>\n<meta property=\"article:modified_time\" content=\"2022-04-20T08:49:15+00:00\" \/>\n<meta property=\"og:image\" content=\"https:\/\/lueders-partner.com\/wp-content\/uploads\/2018\/10\/iStock-882319104-1024x737.jpg\" \/>\n\t<meta property=\"og:image:width\" content=\"1024\" \/>\n\t<meta property=\"og:image:height\" content=\"737\" \/>\n\t<meta property=\"og:image:type\" content=\"image\/jpeg\" \/>\n<meta name=\"twitter:card\" content=\"summary_large_image\" \/>\n<meta name=\"twitter:label1\" content=\"Est. reading time\" \/>\n\t<meta name=\"twitter:data1\" content=\"3 minutes\" \/>\n<script type=\"application\/ld+json\" class=\"yoast-schema-graph\">{\"@context\":\"https:\/\/schema.org\",\"@graph\":[{\"@type\":\"WebPage\",\"@id\":\"https:\/\/lueders-partner.com\/en\/appraisals\/case-study-huettenwerke-koenigsbronn-gmbh-current-value-appraisal-arrangement-of-leasing-financing\/\",\"url\":\"https:\/\/lueders-partner.com\/en\/appraisals\/case-study-huettenwerke-koenigsbronn-gmbh-current-value-appraisal-arrangement-of-leasing-financing\/\",\"name\":\"Case Study H\u00fcttenwerke K\u00f6nigsbronn GmbH - Current Value Appraisal & Arrangement of Leasing Financing - Lueders &amp; Partner GmbH\",\"isPartOf\":{\"@id\":\"https:\/\/lueders-partner.com\/#website\"},\"primaryImageOfPage\":{\"@id\":\"https:\/\/lueders-partner.com\/en\/appraisals\/case-study-huettenwerke-koenigsbronn-gmbh-current-value-appraisal-arrangement-of-leasing-financing\/#primaryimage\"},\"image\":{\"@id\":\"https:\/\/lueders-partner.com\/en\/appraisals\/case-study-huettenwerke-koenigsbronn-gmbh-current-value-appraisal-arrangement-of-leasing-financing\/#primaryimage\"},\"thumbnailUrl\":\"https:\/\/lueders-partner.com\/wp-content\/uploads\/2018\/10\/iStock-882319104.jpg\",\"datePublished\":\"2018-10-22T13:51:39+00:00\",\"dateModified\":\"2022-04-20T08:49:15+00:00\",\"description\":\"Case Study H\u00fcttenwerke K\u00f6nigsbronn GmbH - Current Value Appraisal & Arrangement of Leasing Financing through our Network Partners N\u00fcrnberger Leasing and NIV Leasing\",\"breadcrumb\":{\"@id\":\"https:\/\/lueders-partner.com\/en\/appraisals\/case-study-huettenwerke-koenigsbronn-gmbh-current-value-appraisal-arrangement-of-leasing-financing\/#breadcrumb\"},\"inLanguage\":\"en-US\",\"potentialAction\":[{\"@type\":\"ReadAction\",\"target\":[\"https:\/\/lueders-partner.com\/en\/appraisals\/case-study-huettenwerke-koenigsbronn-gmbh-current-value-appraisal-arrangement-of-leasing-financing\/\"]}]},{\"@type\":\"ImageObject\",\"inLanguage\":\"en-US\",\"@id\":\"https:\/\/lueders-partner.com\/en\/appraisals\/case-study-huettenwerke-koenigsbronn-gmbh-current-value-appraisal-arrangement-of-leasing-financing\/#primaryimage\",\"url\":\"https:\/\/lueders-partner.com\/wp-content\/uploads\/2018\/10\/iStock-882319104.jpg\",\"contentUrl\":\"https:\/\/lueders-partner.com\/wp-content\/uploads\/2018\/10\/iStock-882319104.jpg\",\"width\":5419,\"height\":3898,\"caption\":\"Machining centre combination machinery in work shop\"},{\"@type\":\"BreadcrumbList\",\"@id\":\"https:\/\/lueders-partner.com\/en\/appraisals\/case-study-huettenwerke-koenigsbronn-gmbh-current-value-appraisal-arrangement-of-leasing-financing\/#breadcrumb\",\"itemListElement\":[{\"@type\":\"ListItem\",\"position\":1,\"name\":\"Home\",\"item\":\"https:\/\/lueders-partner.com\/en\/950-2-2\/\"},{\"@type\":\"ListItem\",\"position\":2,\"name\":\"Appraisals\",\"item\":\"https:\/\/lueders-partner.com\/en\/appraisals\/\"},{\"@type\":\"ListItem\",\"position\":3,\"name\":\"Case Study H\u00fcttenwerke K\u00f6nigsbronn GmbH &#8211; Current Value Appraisal &#038; Arrangement of Leasing Financing\"}]},{\"@type\":\"WebSite\",\"@id\":\"https:\/\/lueders-partner.com\/#website\",\"url\":\"https:\/\/lueders-partner.com\/\",\"name\":\"Lueders &amp; Partner GmbH\",\"description\":\"\",\"publisher\":{\"@id\":\"https:\/\/lueders-partner.com\/#organization\"},\"potentialAction\":[{\"@type\":\"SearchAction\",\"target\":{\"@type\":\"EntryPoint\",\"urlTemplate\":\"https:\/\/lueders-partner.com\/?s={search_term_string}\"},\"query-input\":{\"@type\":\"PropertyValueSpecification\",\"valueRequired\":true,\"valueName\":\"search_term_string\"}}],\"inLanguage\":\"en-US\"},{\"@type\":\"Organization\",\"@id\":\"https:\/\/lueders-partner.com\/#organization\",\"name\":\"L\u00fcders & Partner GmbH\",\"url\":\"https:\/\/lueders-partner.com\/\",\"logo\":{\"@type\":\"ImageObject\",\"inLanguage\":\"en-US\",\"@id\":\"https:\/\/lueders-partner.com\/#\/schema\/logo\/image\/\",\"url\":\"https:\/\/lueders-partner.com\/wp-content\/uploads\/2017\/01\/logo.png\",\"contentUrl\":\"https:\/\/lueders-partner.com\/wp-content\/uploads\/2017\/01\/logo.png\",\"width\":135,\"height\":100,\"caption\":\"L\u00fcders & Partner GmbH\"},\"image\":{\"@id\":\"https:\/\/lueders-partner.com\/#\/schema\/logo\/image\/\"}}]}<\/script>\n<!-- \/ Yoast SEO Premium plugin. -->","yoast_head_json":{"title":"Case Study H\u00fcttenwerke K\u00f6nigsbronn GmbH - Current Value Appraisal & Arrangement of Leasing Financing - Lueders &amp; Partner GmbH","description":"Case Study H\u00fcttenwerke K\u00f6nigsbronn GmbH - Current Value Appraisal & Arrangement of Leasing Financing through our Network Partners N\u00fcrnberger Leasing and NIV Leasing","robots":{"index":"index","follow":"follow","max-snippet":"max-snippet:-1","max-image-preview":"max-image-preview:large","max-video-preview":"max-video-preview:-1"},"canonical":"https:\/\/lueders-partner.com\/en\/appraisals\/case-study-huettenwerke-koenigsbronn-gmbh-current-value-appraisal-arrangement-of-leasing-financing\/","og_locale":"en_US","og_type":"article","og_title":"Case Study H\u00fcttenwerke K\u00f6nigsbronn GmbH - Current Value Appraisal & Arrangement of Leasing Financing","og_description":"Case Study H\u00fcttenwerke K\u00f6nigsbronn GmbH - Current Value Appraisal & Arrangement of Leasing Financing through our Network Partners N\u00fcrnberger Leasing and NIV Leasing","og_url":"https:\/\/lueders-partner.com\/en\/appraisals\/case-study-huettenwerke-koenigsbronn-gmbh-current-value-appraisal-arrangement-of-leasing-financing\/","og_site_name":"Lueders &amp; Partner GmbH","article_modified_time":"2022-04-20T08:49:15+00:00","og_image":[{"width":1024,"height":737,"url":"https:\/\/lueders-partner.com\/wp-content\/uploads\/2018\/10\/iStock-882319104-1024x737.jpg","type":"image\/jpeg"}],"twitter_card":"summary_large_image","twitter_misc":{"Est. reading time":"3 minutes"},"schema":{"@context":"https:\/\/schema.org","@graph":[{"@type":"WebPage","@id":"https:\/\/lueders-partner.com\/en\/appraisals\/case-study-huettenwerke-koenigsbronn-gmbh-current-value-appraisal-arrangement-of-leasing-financing\/","url":"https:\/\/lueders-partner.com\/en\/appraisals\/case-study-huettenwerke-koenigsbronn-gmbh-current-value-appraisal-arrangement-of-leasing-financing\/","name":"Case Study H\u00fcttenwerke K\u00f6nigsbronn GmbH - Current Value Appraisal & Arrangement of Leasing Financing - Lueders &amp; Partner GmbH","isPartOf":{"@id":"https:\/\/lueders-partner.com\/#website"},"primaryImageOfPage":{"@id":"https:\/\/lueders-partner.com\/en\/appraisals\/case-study-huettenwerke-koenigsbronn-gmbh-current-value-appraisal-arrangement-of-leasing-financing\/#primaryimage"},"image":{"@id":"https:\/\/lueders-partner.com\/en\/appraisals\/case-study-huettenwerke-koenigsbronn-gmbh-current-value-appraisal-arrangement-of-leasing-financing\/#primaryimage"},"thumbnailUrl":"https:\/\/lueders-partner.com\/wp-content\/uploads\/2018\/10\/iStock-882319104.jpg","datePublished":"2018-10-22T13:51:39+00:00","dateModified":"2022-04-20T08:49:15+00:00","description":"Case Study H\u00fcttenwerke K\u00f6nigsbronn GmbH - Current Value Appraisal & Arrangement of Leasing Financing through our Network Partners N\u00fcrnberger Leasing and NIV Leasing","breadcrumb":{"@id":"https:\/\/lueders-partner.com\/en\/appraisals\/case-study-huettenwerke-koenigsbronn-gmbh-current-value-appraisal-arrangement-of-leasing-financing\/#breadcrumb"},"inLanguage":"en-US","potentialAction":[{"@type":"ReadAction","target":["https:\/\/lueders-partner.com\/en\/appraisals\/case-study-huettenwerke-koenigsbronn-gmbh-current-value-appraisal-arrangement-of-leasing-financing\/"]}]},{"@type":"ImageObject","inLanguage":"en-US","@id":"https:\/\/lueders-partner.com\/en\/appraisals\/case-study-huettenwerke-koenigsbronn-gmbh-current-value-appraisal-arrangement-of-leasing-financing\/#primaryimage","url":"https:\/\/lueders-partner.com\/wp-content\/uploads\/2018\/10\/iStock-882319104.jpg","contentUrl":"https:\/\/lueders-partner.com\/wp-content\/uploads\/2018\/10\/iStock-882319104.jpg","width":5419,"height":3898,"caption":"Machining centre combination machinery in work shop"},{"@type":"BreadcrumbList","@id":"https:\/\/lueders-partner.com\/en\/appraisals\/case-study-huettenwerke-koenigsbronn-gmbh-current-value-appraisal-arrangement-of-leasing-financing\/#breadcrumb","itemListElement":[{"@type":"ListItem","position":1,"name":"Home","item":"https:\/\/lueders-partner.com\/en\/950-2-2\/"},{"@type":"ListItem","position":2,"name":"Appraisals","item":"https:\/\/lueders-partner.com\/en\/appraisals\/"},{"@type":"ListItem","position":3,"name":"Case Study H\u00fcttenwerke K\u00f6nigsbronn GmbH &#8211; Current Value Appraisal &#038; Arrangement of Leasing Financing"}]},{"@type":"WebSite","@id":"https:\/\/lueders-partner.com\/#website","url":"https:\/\/lueders-partner.com\/","name":"Lueders &amp; Partner GmbH","description":"","publisher":{"@id":"https:\/\/lueders-partner.com\/#organization"},"potentialAction":[{"@type":"SearchAction","target":{"@type":"EntryPoint","urlTemplate":"https:\/\/lueders-partner.com\/?s={search_term_string}"},"query-input":{"@type":"PropertyValueSpecification","valueRequired":true,"valueName":"search_term_string"}}],"inLanguage":"en-US"},{"@type":"Organization","@id":"https:\/\/lueders-partner.com\/#organization","name":"L\u00fcders & Partner GmbH","url":"https:\/\/lueders-partner.com\/","logo":{"@type":"ImageObject","inLanguage":"en-US","@id":"https:\/\/lueders-partner.com\/#\/schema\/logo\/image\/","url":"https:\/\/lueders-partner.com\/wp-content\/uploads\/2017\/01\/logo.png","contentUrl":"https:\/\/lueders-partner.com\/wp-content\/uploads\/2017\/01\/logo.png","width":135,"height":100,"caption":"L\u00fcders & Partner GmbH"},"image":{"@id":"https:\/\/lueders-partner.com\/#\/schema\/logo\/image\/"}}]}},"_links":{"self":[{"href":"https:\/\/lueders-partner.com\/en\/wp-json\/wp\/v2\/pages\/49834","targetHints":{"allow":["GET"]}}],"collection":[{"href":"https:\/\/lueders-partner.com\/en\/wp-json\/wp\/v2\/pages"}],"about":[{"href":"https:\/\/lueders-partner.com\/en\/wp-json\/wp\/v2\/types\/page"}],"author":[{"embeddable":true,"href":"https:\/\/lueders-partner.com\/en\/wp-json\/wp\/v2\/users\/3"}],"replies":[{"embeddable":true,"href":"https:\/\/lueders-partner.com\/en\/wp-json\/wp\/v2\/comments?post=49834"}],"version-history":[{"count":2,"href":"https:\/\/lueders-partner.com\/en\/wp-json\/wp\/v2\/pages\/49834\/revisions"}],"predecessor-version":[{"id":49836,"href":"https:\/\/lueders-partner.com\/en\/wp-json\/wp\/v2\/pages\/49834\/revisions\/49836"}],"up":[{"embeddable":true,"href":"https:\/\/lueders-partner.com\/en\/wp-json\/wp\/v2\/pages\/965"}],"wp:featuredmedia":[{"embeddable":true,"href":"https:\/\/lueders-partner.com\/en\/wp-json\/wp\/v2\/media\/12372"}],"wp:attachment":[{"href":"https:\/\/lueders-partner.com\/en\/wp-json\/wp\/v2\/media?parent=49834"}],"wp:term":[{"taxonomy":"category","embeddable":true,"href":"https:\/\/lueders-partner.com\/en\/wp-json\/wp\/v2\/categories?post=49834"},{"taxonomy":"post_tag","embeddable":true,"href":"https:\/\/lueders-partner.com\/en\/wp-json\/wp\/v2\/tags?post=49834"}],"curies":[{"name":"wp","href":"https:\/\/api.w.org\/{rel}","templated":true}]}}